{"id":10,"date":"2015-07-05T10:53:20","date_gmt":"2015-07-05T10:53:20","guid":{"rendered":"http:\/\/ekosspiritus.hr\/?page_id=10"},"modified":"2016-01-06T11:44:35","modified_gmt":"2016-01-06T11:44:35","slug":"hpd-sv-patrik","status":"publish","type":"page","link":"https:\/\/ekosspiritus.hr\/index.php\/hpd-sv-patrik\/","title":{"rendered":"HPD &#8220;Sv. Patrik&#8221;"},"content":{"rendered":"<p>Kroz HPD Sv. Patrik \u017eeli se prenijeti poruka da je planinarenje na\u010din i stil \u017eivota, niz aktivnosti koje modernom \u010dovjeku \u017eivot \u010dine ugodnijim, zanimljivijim i zdravijim. Uz posje\u0107ivanje doma\u0107ih i stranih planina i boravak u njima, poti\u010de se uklju\u010divanje u akcije ekolo\u0161kog i humanitarnog karaktera, te njegovanje tradicije.<\/p>\n<p>Kroz planinarenje se promi\u010de ideja \u201eaktivnog odmora\u201c koji mo\u017ee fizi\u010dki biti naporniji, ali emocionalno i duhovno duboko ispunjuje. Ako se odlasku u planinu pristupi na pravi na\u010din, trebalo bi do\u0107i do razvijanja pozitivnih ljudskih karakteristika: prilagodljivosti, dru\u0161tvenosti, snala\u017eljivosti, te pobolj\u0161anja psihi\u010dkog, fizi\u010dkog i duhovnog blagostanja. Ako se izleti odr\u017eavaju nedjeljom i\/ili blagdanima, vodi se ra\u010duna o sudjelovanju na euharistiji, a uvijek njegujemo obi\u010daj zajedni\u010dke molitve i, prema mogu\u0107nostima, dodatnih katehetskih sadr\u017eaja.<\/p>\n<p>HPD SV.PATRIK<br \/>\nAdresa: Cerina 61, 10430 Samobor<br \/>\nOIB: 97609724800<br \/>\nMB: 1792849<br \/>\nIBAN: HR1924840081107413117 ( Raiffeisen bank)<\/p>\n<p>Vladimir Kenda &#8211; upravitelj doma\u00a0091 946 4736<br \/>\nE &#8211; mail: hpdsv.patrik@gmail.com<br \/>\nWeb stranica: www.ekosspiritus.hr<br \/>\nMartina Razum Arapovi\u0107-predsjednica 095 197 7787<\/p>\n","protected":false},"excerpt":{"rendered":"<p>Kroz HPD Sv. Patrik \u017eeli se prenijeti poruka da je planinarenje na\u010din i stil \u017eivota, niz aktivnosti koje modernom \u010dovjeku \u017eivot \u010dine ugodnijim, zanimljivijim i zdravijim. Uz posje\u0107ivanje doma\u0107ih i stranih planina<a class=\"moretag\" href=\"https:\/\/ekosspiritus.hr\/index.php\/hpd-sv-patrik\/\">Read More&#8230;<\/a><\/p>\n","protected":false},"author":1,"featured_media":364,"parent":0,"menu_order":3,"comment_status":"closed","ping_status":"closed","template":"","meta":{"footnotes":""},"class_list":["post-10","page","type-page","status-publish","has-post-thumbnail","hentry"],"_links":{"self":[{"href":"https:\/\/ekosspiritus.hr\/index.php\/wp-json\/wp\/v2\/pages\/10","targetHints":{"allow":["GET"]}}],"collection":[{"href":"https:\/\/ekosspiritus.hr\/index.php\/wp-json\/wp\/v2\/pages"}],"about":[{"href":"https:\/\/ekosspiritus.hr\/index.php\/wp-json\/wp\/v2\/types\/page"}],"author":[{"embeddable":true,"href":"https:\/\/ekosspiritus.hr\/index.php\/wp-json\/wp\/v2\/users\/1"}],"replies":[{"embeddable":true,"href":"https:\/\/ekosspiritus.hr\/index.php\/wp-json\/wp\/v2\/comments?post=10"}],"version-history":[{"count":4,"href":"https:\/\/ekosspiritus.hr\/index.php\/wp-json\/wp\/v2\/pages\/10\/revisions"}],"predecessor-version":[{"id":403,"href":"https:\/\/ekosspiritus.hr\/index.php\/wp-json\/wp\/v2\/pages\/10\/revisions\/403"}],"wp:featuredmedia":[{"embeddable":true,"href":"https:\/\/ekosspiritus.hr\/index.php\/wp-json\/wp\/v2\/media\/364"}],"wp:attachment":[{"href":"https:\/\/ekosspiritus.hr\/index.php\/wp-json\/wp\/v2\/media?parent=10"}],"curies":[{"name":"wp","href":"https:\/\/api.w.org\/{rel}","templated":true}]}}