{"id":101,"date":"2015-11-30T19:51:10","date_gmt":"2015-11-30T19:51:10","guid":{"rendered":"http:\/\/ekosspiritus.hr\/?page_id=101"},"modified":"2015-11-30T19:52:22","modified_gmt":"2015-11-30T19:52:22","slug":"ljetni-kamp-na-velebitu","status":"publish","type":"page","link":"https:\/\/ekosspiritus.hr\/index.php\/hpd-sv-patrik\/ljetni-kamp-na-velebitu\/","title":{"rendered":"Ljetni kamp na Velebitu"},"content":{"rendered":"<p>Ideja kampiranja na Velebitu, kao posebnoj planini za sve hrvatske planinare, oduvijek je postojala izme\u0111u nekih \u010dlanova udruge i dugi niz godina se ostvarivala u nekim privatnim aran\u017emanima. Veliki i uspje\u0161ni ljetni kamp katoli\u010dke mlade\u017ei koji se dogodio na livadi Lubenovac u srpnju 1999. godine i okupio oko 180 mladih pokazao je da je tako ne\u0161to mogu\u0107e i otvorio put ovome projektu.<\/p>\n<p>2002. godine udruga Ekosspiritus zapo\u010dinje projekt ljetnog kampa na Velebitu ulaze\u0107i u dolinu Velikog Loma i di\u017eu\u0107i kamp uz lugarsku ku\u0107icu. Kako se radi o podru\u010dju samog nacionalog parka kamp svake godine mora dobiti posebnu dozvolu od uprave i time je HPD Sv. Patrik jedino planinarsko dru\u0161tvo iz Hrvatske koje ima takve povlastice. Tjedan dana svakog srpnja rezervirano je za ovaj projekt koji uspje\u0161no ostvaruje svoje ciljeve.<\/p>\n","protected":false},"excerpt":{"rendered":"<p>Ideja kampiranja na Velebitu, kao posebnoj planini za sve hrvatske planinare, oduvijek je postojala izme\u0111u nekih \u010dlanova udruge i dugi niz godina se ostvarivala u nekim privatnim aran\u017emanima. Veliki i uspje\u0161ni ljetni<a class=\"moretag\" href=\"https:\/\/ekosspiritus.hr\/index.php\/hpd-sv-patrik\/ljetni-kamp-na-velebitu\/\">Read More&#8230;<\/a><\/p>\n","protected":false},"author":1,"featured_media":0,"parent":10,"menu_order":8,"comment_status":"closed","ping_status":"closed","template":"","meta":{"footnotes":""},"class_list":["post-101","page","type-page","status-publish","hentry"],"_links":{"self":[{"href":"https:\/\/ekosspiritus.hr\/index.php\/wp-json\/wp\/v2\/pages\/101","targetHints":{"allow":["GET"]}}],"collection":[{"href":"https:\/\/ekosspiritus.hr\/index.php\/wp-json\/wp\/v2\/pages"}],"about":[{"href":"https:\/\/ekosspiritus.hr\/index.php\/wp-json\/wp\/v2\/types\/page"}],"author":[{"embeddable":true,"href":"https:\/\/ekosspiritus.hr\/index.php\/wp-json\/wp\/v2\/users\/1"}],"replies":[{"embeddable":true,"href":"https:\/\/ekosspiritus.hr\/index.php\/wp-json\/wp\/v2\/comments?post=101"}],"version-history":[{"count":1,"href":"https:\/\/ekosspiritus.hr\/index.php\/wp-json\/wp\/v2\/pages\/101\/revisions"}],"predecessor-version":[{"id":102,"href":"https:\/\/ekosspiritus.hr\/index.php\/wp-json\/wp\/v2\/pages\/101\/revisions\/102"}],"up":[{"embeddable":true,"href":"https:\/\/ekosspiritus.hr\/index.php\/wp-json\/wp\/v2\/pages\/10"}],"wp:attachment":[{"href":"https:\/\/ekosspiritus.hr\/index.php\/wp-json\/wp\/v2\/media?parent=101"}],"curies":[{"name":"wp","href":"https:\/\/api.w.org\/{rel}","templated":true}]}}