{"id":103,"date":"2015-11-30T19:52:09","date_gmt":"2015-11-30T19:52:09","guid":{"rendered":"http:\/\/ekosspiritus.hr\/?page_id=103"},"modified":"2015-11-30T19:52:09","modified_gmt":"2015-11-30T19:52:09","slug":"ciljevi","status":"publish","type":"page","link":"https:\/\/ekosspiritus.hr\/index.php\/hpd-sv-patrik\/ljetni-kamp-na-velebitu\/ciljevi\/","title":{"rendered":"Ciljevi"},"content":{"rendered":"<p>Ljetni kamp na Velebitu je kombinacija planinarskih sadr\u017eaja i katoli\u010dke duhovnosti.<br \/>\nS planinarske strane svaki dan ima svoje uspone na okolne vrhove, \u0161to uklju\u010duje istra\u017eivanje vlastitih mogu\u0107nosti, u\u017eivanje u pogledima i o\u010duvanoj prirodi koju Velebit nudi. Veliku pa\u017enju pola\u017eemo na \u010dinjenicu da skupina planinara hoda zajedni\u010dki, po\u0161tivaju\u0107i sve \u010dlanove i pru\u017eaju\u0107i si me\u0111usobnu pomo\u0107 i podr\u0161ku. Nepredvidivost planine, njene opasnosti i nestalni vremenski uvjeti, uz izolaciju od ostatka svijeta zbog slabog ili nepostoje\u0107eg signala za mobitele, \u017eivot bez struje i teku\u0107e vode, daje mogu\u0107nost boljeg upoznavanja, kako sebe tako i ostalih sudionika. Potreba skromnosti i jednostavnosti \u017eivota jako je nagla\u0161ena u planini i ponekad je ba\u0161 to ono \u0161to modernim ljudima treba za istinski ljetni odmor.<\/p>\n<p>Uz planinarenje, svaki dan ima neke duhovne sadr\u017eaje, od zajedni\u010dke molitve, poticajnih pri\u010da i kateheza, do euharistija pod vedrim nebom svaki put kada nam se pridru\u017ee sve\u0107enici. Nije rijetko vidjeti sudionike uklju\u010dene u molitvu krunice u hodu, ali i kako tra\u017ee osamu, svoj na\u010din kako susresti Boga.<\/p>\n","protected":false},"excerpt":{"rendered":"<p>Ljetni kamp na Velebitu je kombinacija planinarskih sadr\u017eaja i katoli\u010dke duhovnosti. S planinarske strane svaki dan ima svoje uspone na okolne vrhove, \u0161to uklju\u010duje istra\u017eivanje vlastitih mogu\u0107nosti, u\u017eivanje u pogledima i o\u010duvanoj<a class=\"moretag\" href=\"https:\/\/ekosspiritus.hr\/index.php\/hpd-sv-patrik\/ljetni-kamp-na-velebitu\/ciljevi\/\">Read More&#8230;<\/a><\/p>\n","protected":false},"author":1,"featured_media":0,"parent":101,"menu_order":0,"comment_status":"closed","ping_status":"closed","template":"","meta":{"footnotes":""},"class_list":["post-103","page","type-page","status-publish","hentry"],"_links":{"self":[{"href":"https:\/\/ekosspiritus.hr\/index.php\/wp-json\/wp\/v2\/pages\/103","targetHints":{"allow":["GET"]}}],"collection":[{"href":"https:\/\/ekosspiritus.hr\/index.php\/wp-json\/wp\/v2\/pages"}],"about":[{"href":"https:\/\/ekosspiritus.hr\/index.php\/wp-json\/wp\/v2\/types\/page"}],"author":[{"embeddable":true,"href":"https:\/\/ekosspiritus.hr\/index.php\/wp-json\/wp\/v2\/users\/1"}],"replies":[{"embeddable":true,"href":"https:\/\/ekosspiritus.hr\/index.php\/wp-json\/wp\/v2\/comments?post=103"}],"version-history":[{"count":1,"href":"https:\/\/ekosspiritus.hr\/index.php\/wp-json\/wp\/v2\/pages\/103\/revisions"}],"predecessor-version":[{"id":104,"href":"https:\/\/ekosspiritus.hr\/index.php\/wp-json\/wp\/v2\/pages\/103\/revisions\/104"}],"up":[{"embeddable":true,"href":"https:\/\/ekosspiritus.hr\/index.php\/wp-json\/wp\/v2\/pages\/101"}],"wp:attachment":[{"href":"https:\/\/ekosspiritus.hr\/index.php\/wp-json\/wp\/v2\/media?parent=103"}],"curies":[{"name":"wp","href":"https:\/\/api.w.org\/{rel}","templated":true}]}}