{"id":110,"date":"2015-11-30T19:59:26","date_gmt":"2015-11-30T19:59:26","guid":{"rendered":"http:\/\/ekosspiritus.hr\/?page_id=110"},"modified":"2015-11-30T19:59:26","modified_gmt":"2015-11-30T19:59:26","slug":"izdavacka-djelatnost","status":"publish","type":"page","link":"https:\/\/ekosspiritus.hr\/index.php\/katehetski-tim\/izdavacka-djelatnost\/","title":{"rendered":"Izdava\u010dka djelatnost"},"content":{"rendered":"<p>1) Na Tvoju rije\u010d \u2013 kateheze za mlade<br \/>\nRadovan Libri\u0107, Martina Ra\u0161poli\u0107, Robert \u0160\u0107uka (ur.): Na Tvoju rije\u010d. Kateheze za mlade, Glas Koncila, Zagreb 2002.<br \/>\nKnjiga se sastoji od 21 kateheze predvi\u0111ene za rad s mladima u \u017eupnim zajednicama. Materijali koji su izdani izvorno su nastali za upotrebu na vi\u0161ednevnim susretima na taborovanjima katoli\u010dke mlade\u017ei, gdje su po prvi puta izvedeni. U\u010de\u0107i iz iskustva, te mijenjaju\u0107i i prilago\u0111avaju\u0107i ideje nastao je ovaj katehetski radni materijal koji za svaku katehezu nazna\u010dava ciljeve, te radi lak\u0161eg snala\u017eenja donosi kratki sadr\u017eaj, potrebne materijale\/medije, nabraja metodi\u010dke postupke i oblike rada.<\/p>\n<p>2) S Tobom \u017eelim po\u0107\u2019 \u2013 kateheze za mlade II<br \/>\nRadovan Libri\u0107, Martina Ra\u0161poli\u0107 (ur.): S tobom \u017eelim po\u0107\u2019\u2026 Kateheze za mlade, Glas Koncila, Zagreb 2005.<br \/>\nZbog velikog uspjeha prve knjige i stalne potra\u017enje za novim materijalima, prikupljeno je i izdano 30 novih kateheza. Jedan od motiva bio je i potaknuti mlade na uklju\u010divanje u rad vezan uz pripremu za Sinodu Zagreba\u010dke nadbiskupije, te ih okupljati i s njima sustavno raditi. Ova zbirka metoda i na\u010dina je prijedlog koji svaki kateheta mo\u017ee prilagoditi konkretnoj zajednici u kojoj radi i tako posti\u0107i \u0161to kvalitetnije rezultate.<\/p>\n<p>3) Zaveslaj na pu\u010dinu<br \/>\nMartina Filipovi\u0107, Radovan Libri\u0107 (ur.): Zaveslaj na pu\u010dinu. Susret hrvatske katoli\u010dke mlade\u017ei. \u0160ibenik 2004, Glas Koncila, Zagreb 2003.<br \/>\nKateheze predvi\u0111ene za pripremu mladih po \u017eupama za susret hrvatske katoli\u010dke mlade\u017ei u \u0160ibeniku 2004. godine tako\u0111er su izdane u obliku knji\u017eice \u2013 priru\u010dnika. Teme prate liturgijsku godinu, te donose sadr\u017eaje za do\u0161a\u0161\u0107e, korizmu, uskrsno vrijeme i vrijeme kroz godinu, te uvijek mogu poslu\u017eiti kao predlo\u017eak za rad.<\/p>\n<p>4) Fotogovor<br \/>\nRadovan Libri\u0107, Martina Ra\u0161poli\u0107, Ru\u017eica Razum: Fotogovor: 50 fotografija za rad u \u017eupnoj katehezi i \u0161kolskom vjeronauku uz 7 predlo\u017eenih metoda kori\u0161tenja, Katehetski ured Po\u017ee\u0161ke biskupije i Povjerenstvo za pastoral mladih Po\u017ee\u0161ke biskupije, Ekosspiritus, Samobor \u2013 Po\u017eega, 2004.<br \/>\nVelika pomo\u0107 u modernom, vizualnom svijetu da se preko fotografije do\u0111e do Rije\u010di. Materijal se sastoji od 50 simboli\u010dkih, crno \u2013 bijelih fotografija formata A4, podijeljenih u pet tematskih skupina. Za lak\u0161e snala\u017eenje u radu, prilo\u017eena je i knji\u017eica s jasnim opisom i slikama sedam metoda \u2013 prijedloga kako raditi s foto \u2013 govorom, u \u0161kolskom vjeronauku i \u017eupnoj katehezi.<\/p>\n<p>5) Pjesmarica<br \/>\nPjesmarica Zajednice mladih Planinarskog kri\u017enog puta udruge Ekosspiritus; Samobor &#8211; Zagreb, velja\u010da 2005.<\/p>\n<p>Zbirka od 112 pjesama duhovne tematike koje se redovito pjevaju na Planinarskim kri\u017enim putevima, izdana s ciljem lak\u0161eg uklju\u010divanja u zajedni\u0161tvo toga pohoda. Pjesme su prikupili Morana Kri\u017ean, Radovan Libri\u0107 i Rajka Jelini\u010di\u0107, a u pjesmarici su slo\u017eene po abecednom redu, uz napomene kraj pjesama koje su bile himne pojedinih kri\u017enih puteva.<\/p>\n<p>6) A na stazi ja<br \/>\nGordana Ivir, Radovan Libri\u0107, Jo\u017ea Prudeus: A na stazi ja. Pripovijest o svetoj Anastaziji i povijest \u017eupe i crkve svete Anastazije u Samoboru, Ekosspiritus, Samobor, 2005.<br \/>\nPovodom obilje\u017eavanja 1700 godina od mu\u010deni\u0161tva sv. Anastazije nastala je knjiga u dva dijela. Prvi je knji\u017eevni, pri\u010da koja nas vodi kroz \u010detiri godi\u0161nja doba i kroz vrijeme, opisuju\u0107i izazove kr\u0161\u0107anstva s kojima se junaci suo\u010davaju po uzoru na sveticu kojoj je projekt posve\u0107en. Drugi dio je povijesni i opisuje nastanak i razvitak \u017eupe u Samoboru, kao i umjetni\u010dku i sakralnu vrijednost crkve sv. Anastazije.<\/p>\n<p>7) Idemo, Gospodine<br \/>\nNikola Havli\u010dek, Gordana Ivir, Radovan Libri\u0107: Idemo, Gospodine. Planinarski kri\u017eni put 1987. \u2013 2007, Ekosspiritus, Samobor, 2008.<br \/>\nMonografija o prvih dvadeset godina odr\u017eavanja pobo\u017enosti planinarskog kri\u017enog puta. Opisuje se nastanak projekta, rast i razvitak, donose detalji o organizacijskom dijelu i duhovnom oblikovanju. U knjizi se nalazi velik broj osvrta sudionika, molitveni tekst kri\u017enog puta kao i mno\u0161tvo fotografija nastalih na pohodima.<\/p>\n<p>8) Dokumentarni film o PKPu<br \/>\nTomislav Jelin\u010di\u0107 (ur.): 2o godina planinarskog kri\u017enog puta 1987. \u2013 2007.; Ekosspiritus, Samobor<br \/>\nPovodom obilje\u017eavanja jubileja dvadeset godina odr\u017eavanja planinarskog kri\u017enog puta, a na temelju video materijala nastalih na tim pohodima izdan je DVD s pet poglavlja: kako je po\u010delo; molitva; euharistrija; zajedni\u0161tvo; napor. Radi se o odli\u010dnom materijalu za predstavljanje ove pobo\u017enosti koji na moderan i atraktivan na\u010din govori o njenim najva\u017enijim dijelovima i mo\u017ee slu\u017eiti kao motiviranje novih sudionika za dolazak.<\/p>\n<p>9) Razglednice<\/p>\n<p>16 motiva nastalih na pohodima planinarskih kri\u017enih putova snimili su: Dragutin Kepi\u0107, Zoran Petr\u010di\u0107, Josip Petrak, Nada Lodeta, Nikola Brnada, Kre\u0161imir Ivir, Ivan Vuku\u0161i\u0107, Damjan Koren i Stjepan Petek.<br \/>\nSvaki motiv je povezan s jednim od gesla prija\u0161njih pohoda planinarskih kri\u017enih puteva, a sav prihod od prodaje bio je namijenjen obnovi planinarskog doma na Cerini u Samoborskom gorju.<\/p>\n<p>10) Ja sam s vama \u2013 pripremnica<br \/>\nRadovan Libri\u0107, Katarina Pu\u010dar, Ru\u017eica Razum (ur.): Ja sam s vama. Pripremnica za prvu ispovijed i pri\u010dest; Glas Koncila, Zagreb, 2011.<br \/>\nKatehetski materijal namijenjen je jednogodi\u0161njoj katehetskoj pripravi djece za prvu ispovijed i pri\u010dest. Unato\u010d \u010dinjenici da katehetska priprava za prvu pri\u010dest postoji u svim \u017eupama, kod nas se osje\u0107a nedostatak primjerenih katehetskih tekstova\/vje\u017ebenica\/priru\u010dnika koji bi pomogli djeci, roditeljima i katehetama u katehetskoj pripremi za prvu ispovijed i pri\u010dest.<br \/>\novaj materijal sastoji se od tri dijela strukturirana u 21 katehetsku temu. Donosi mno\u0161tvo ilustracija, evan\u0111eoskih tekstova, molitava, pjesama i pitanja koja poti\u010du razgovor i aktivnosti koje valja zajedno \u010diniti.<br \/>\n11) Ja sam s vama \u2013 priru\u010dnik<br \/>\nRadovan Libri\u0107, Katarina Pu\u010dar, Ru\u017eica Razum: Ja sam s vama. Pripremnica za prvu ispovijed i pri\u010dest. Priru\u010dnik za katehete; Glas Koncila, Zagreb, 2012.<br \/>\nNakon pripremnice, izdani priru\u010dnik je predvi\u0111en kao pomo\u0107ni material za katehete koji rade u \u017eupnoj katehezi.<br \/>\nUvodni dio Priru\u010dnika donosi sadr\u017eaj pripremnice te kratko opisuje prvu pri\u010dest tijekom povijesti. Drugi dio govori o kr\u0161\u0107anskoj inicijaciji, stanju i perspektivama, usredot\u0107uju\u0107i se na situaciju Crkve u Hrvatskoj. U tre\u0107em dijelu govori se o dvjema etapama pripreme prvopri\u010desni\u010dkoga katehetskog hoda (priprema za sakrament pomirenja i priprema za sakrament euharistije) te razli\u010ditim ulogama i odgovornostima uklju\u010denih u katehetski inicijacijski hod djece. Posljednji dio posve\u0107en je radu s roditeljima i predla\u017ee devet razli\u010ditih tema za rad s roditeljima prvopri\u010desnika. Na kraju priru\u010dnika donose se prvopri\u010desni\u010dko obe\u0107anje, ilustrirani radni materijali za rad s prvopri\u010desnicima te primjer molitvene knji\u017eice obitelji.<br \/>\nPriru\u010dnik je namijenjen \u017eupnicima, katehetama, vjerou\u010diteljima, svim pastoralnim djelatnicima, kao i roditeljima, koji su odgovorni za cjelovit vjerski odgoj, odnosno za \u201cpripremu djece ne samo za slavlja sakramenata pomirenja i euharistije u \u017eupnoj zajednici, nego za \u017eivot koji \u0107e se naslanjati i koji \u0107e crpsti snagu iz tih sakramenata kao temeljnih izvora kr\u0161\u0107anskoga \u017eivota\u201d, poru\u010duju prire\u0111iva\u010di priru\u010dnika.<\/p>\n<p>12) Facebook svetog Benedikta<br \/>\nRadovan Libri\u0107: Facebook svetoga Benedika. Katehetske pri\u010de; Ekosspiritus, Samobor, 2012.<br \/>\nZbirka od 26 pri\u010da je posve\u0107ena pokojnom Kristijanu Pavle\u010di\u0107u, samoborcu koji je poginuo u prometnoj nesre\u0107i.<br \/>\nIz recenzije:<br \/>\nKa\u017eu da je bl. papa Ivan XXIII. rekao da je kr\u0161\u0107anstvo poput starog bunara u kojemu je uvijek svje\u017ea voda. Upravo to mi je palo na pamet dok sam \u010ditao katehetske pri\u010de Radovana Libri\u0107a. Stare kr\u0161\u010danske istine izre\u010dene su na nov, svje\u017e i autenti\u010dan na\u010din.<br \/>\n(\u2026)<br \/>\nI premda nam se mo\u017ee u\u010diniti da \u017eivimo u svijetu koji je ispra\u017enjen od smisla, ljubavi i topline, Radovanove su pri\u010de okrjepa, melem i poticaj. Zato i ne mogu ni\u0161ta drugo re\u0107i za \u201cFacebook svetog Benedikta\u201d nego \u2013 lajkam! (Nikola Kuzmi\u010di\u0107)<\/p>\n","protected":false},"excerpt":{"rendered":"<p>1) Na Tvoju rije\u010d \u2013 kateheze za mlade Radovan Libri\u0107, Martina Ra\u0161poli\u0107, Robert \u0160\u0107uka (ur.): Na Tvoju rije\u010d. Kateheze za mlade, Glas Koncila, Zagreb 2002. Knjiga se sastoji od 21 kateheze predvi\u0111ene<a class=\"moretag\" href=\"https:\/\/ekosspiritus.hr\/index.php\/katehetski-tim\/izdavacka-djelatnost\/\">Read More&#8230;<\/a><\/p>\n","protected":false},"author":1,"featured_media":0,"parent":14,"menu_order":0,"comment_status":"closed","ping_status":"closed","template":"","meta":{"footnotes":""},"class_list":["post-110","page","type-page","status-publish","hentry"],"_links":{"self":[{"href":"https:\/\/ekosspiritus.hr\/index.php\/wp-json\/wp\/v2\/pages\/110","targetHints":{"allow":["GET"]}}],"collection":[{"href":"https:\/\/ekosspiritus.hr\/index.php\/wp-json\/wp\/v2\/pages"}],"about":[{"href":"https:\/\/ekosspiritus.hr\/index.php\/wp-json\/wp\/v2\/types\/page"}],"author":[{"embeddable":true,"href":"https:\/\/ekosspiritus.hr\/index.php\/wp-json\/wp\/v2\/users\/1"}],"replies":[{"embeddable":true,"href":"https:\/\/ekosspiritus.hr\/index.php\/wp-json\/wp\/v2\/comments?post=110"}],"version-history":[{"count":1,"href":"https:\/\/ekosspiritus.hr\/index.php\/wp-json\/wp\/v2\/pages\/110\/revisions"}],"predecessor-version":[{"id":111,"href":"https:\/\/ekosspiritus.hr\/index.php\/wp-json\/wp\/v2\/pages\/110\/revisions\/111"}],"up":[{"embeddable":true,"href":"https:\/\/ekosspiritus.hr\/index.php\/wp-json\/wp\/v2\/pages\/14"}],"wp:attachment":[{"href":"https:\/\/ekosspiritus.hr\/index.php\/wp-json\/wp\/v2\/media?parent=110"}],"curies":[{"name":"wp","href":"https:\/\/api.w.org\/{rel}","templated":true}]}}