{"id":112,"date":"2015-11-30T20:03:50","date_gmt":"2015-11-30T20:03:50","guid":{"rendered":"http:\/\/ekosspiritus.hr\/?page_id=112"},"modified":"2015-11-30T20:03:50","modified_gmt":"2015-11-30T20:03:50","slug":"raspelo","status":"publish","type":"page","link":"https:\/\/ekosspiritus.hr\/index.php\/cerina\/raspelo\/","title":{"rendered":"Raspelo"},"content":{"rendered":"<p>Cerina je nekad bila \u2018bratimsko trsje\u2019. Kod podjele parcela vinograd je dobio i nove gospodare. \u017dele\u0107i okupiti vlasnike klijeti i potaknuti ih na dru\u017eenje, podignuto je raspelo koje se danas nalazi tik uz budu\u0107i planinarski dom. Inicijator je bio Jure Bo\u0161njak iz Gornjeg kraja u Samoboru, na zemlji\u0161tu obitelji Ivana Gun\u010di\u0107a. Prva euharistija na tom mjestu je slavljena 1976., a sada se odr\u017eava povremeno, obi\u010dno vezano uz blagdan sv. Jurja, u dogovoru sa \u017eupnikom iz Luga Samoborskog ili zbog nekog od zbivanja duhovnog karaktera koja se odvijaju u centru na Cerini.<\/p>\n<p>Zanimljivo je da su komunisti\u010dke vlasti htjele ukloniti kri\u017e, jer je podignut ispod stoljetne jele koja je bila vojna kota. Jura Bo\u0161njak je zbog inicijative oko raspela bio i na sudu. Kad je nevrijeme sru\u0161ilo jelu, kri\u017e je postao, igrom ironije, nova vojna kota i nitko ga nije smio vi\u0161e dirati, te je tako sa\u010duvan.<\/p>\n<p>Svojim dolaskom na Cerinu udruga Ekosspiritus je kri\u017e potpuno obnovila, a \u010dlanovi odr\u017eavaju urednost okolice ure\u0111uju\u0107i mali cvjetnjak koji je oblikovan oko kri\u017ea.<\/p>\n","protected":false},"excerpt":{"rendered":"<p>Cerina je nekad bila \u2018bratimsko trsje\u2019. Kod podjele parcela vinograd je dobio i nove gospodare. \u017dele\u0107i okupiti vlasnike klijeti i potaknuti ih na dru\u017eenje, podignuto je raspelo koje se danas nalazi tik<a class=\"moretag\" href=\"https:\/\/ekosspiritus.hr\/index.php\/cerina\/raspelo\/\">Read More&#8230;<\/a><\/p>\n","protected":false},"author":1,"featured_media":0,"parent":16,"menu_order":0,"comment_status":"closed","ping_status":"closed","template":"","meta":{"footnotes":""},"class_list":["post-112","page","type-page","status-publish","hentry"],"_links":{"self":[{"href":"https:\/\/ekosspiritus.hr\/index.php\/wp-json\/wp\/v2\/pages\/112","targetHints":{"allow":["GET"]}}],"collection":[{"href":"https:\/\/ekosspiritus.hr\/index.php\/wp-json\/wp\/v2\/pages"}],"about":[{"href":"https:\/\/ekosspiritus.hr\/index.php\/wp-json\/wp\/v2\/types\/page"}],"author":[{"embeddable":true,"href":"https:\/\/ekosspiritus.hr\/index.php\/wp-json\/wp\/v2\/users\/1"}],"replies":[{"embeddable":true,"href":"https:\/\/ekosspiritus.hr\/index.php\/wp-json\/wp\/v2\/comments?post=112"}],"version-history":[{"count":1,"href":"https:\/\/ekosspiritus.hr\/index.php\/wp-json\/wp\/v2\/pages\/112\/revisions"}],"predecessor-version":[{"id":113,"href":"https:\/\/ekosspiritus.hr\/index.php\/wp-json\/wp\/v2\/pages\/112\/revisions\/113"}],"up":[{"embeddable":true,"href":"https:\/\/ekosspiritus.hr\/index.php\/wp-json\/wp\/v2\/pages\/16"}],"wp:attachment":[{"href":"https:\/\/ekosspiritus.hr\/index.php\/wp-json\/wp\/v2\/media?parent=112"}],"curies":[{"name":"wp","href":"https:\/\/api.w.org\/{rel}","templated":true}]}}