{"id":114,"date":"2015-11-30T20:04:30","date_gmt":"2015-11-30T20:04:30","guid":{"rendered":"http:\/\/ekosspiritus.hr\/?page_id=114"},"modified":"2015-11-30T20:04:30","modified_gmt":"2015-11-30T20:04:30","slug":"slap","status":"publish","type":"page","link":"https:\/\/ekosspiritus.hr\/index.php\/cerina\/slap\/","title":{"rendered":"Slap"},"content":{"rendered":"<p>Posebna atrakcija na\u0161e doline je najve\u0107i slap Samoborskoga gorja \u2013 deset metara visok Cerinski vir. Izdava\u010dka ku\u0107a \u201cMerdijani\u201d uvrstila ga je 2003. godine me\u0111u dvadeset i \u0161est najljep\u0161ih slapova Hrvatske. Osobito je dojmljiv u prolje\u0107e i jesen kada je potok Javorec bogat vodom. Mo\u017ee ga se posjetiti ljeti, kada njegov duboki kanjon pru\u017ea svje\u017einu, ali i zimi, kada ga mo\u017eete, uslijed niskih temperatura, na\u0107i smrznuta, u hladnoj igri leda i vode. Vir je od planinarskog doma udaljen desetak minuta hoda, na markiranoj stazi prema Japeti\u0107u.<\/p>\n<p>Radi promocije Cerinskog vira udruga je izdala i razglednice u njegovom \u2018ljetnom\u2019 i \u2018zimskom\u2019 izdanju.<\/p>\n","protected":false},"excerpt":{"rendered":"<p>Posebna atrakcija na\u0161e doline je najve\u0107i slap Samoborskoga gorja \u2013 deset metara visok Cerinski vir. Izdava\u010dka ku\u0107a \u201cMerdijani\u201d uvrstila ga je 2003. godine me\u0111u dvadeset i \u0161est najljep\u0161ih slapova Hrvatske. Osobito je<a class=\"moretag\" href=\"https:\/\/ekosspiritus.hr\/index.php\/cerina\/slap\/\">Read More&#8230;<\/a><\/p>\n","protected":false},"author":1,"featured_media":0,"parent":16,"menu_order":0,"comment_status":"closed","ping_status":"closed","template":"","meta":{"footnotes":""},"class_list":["post-114","page","type-page","status-publish","hentry"],"_links":{"self":[{"href":"https:\/\/ekosspiritus.hr\/index.php\/wp-json\/wp\/v2\/pages\/114","targetHints":{"allow":["GET"]}}],"collection":[{"href":"https:\/\/ekosspiritus.hr\/index.php\/wp-json\/wp\/v2\/pages"}],"about":[{"href":"https:\/\/ekosspiritus.hr\/index.php\/wp-json\/wp\/v2\/types\/page"}],"author":[{"embeddable":true,"href":"https:\/\/ekosspiritus.hr\/index.php\/wp-json\/wp\/v2\/users\/1"}],"replies":[{"embeddable":true,"href":"https:\/\/ekosspiritus.hr\/index.php\/wp-json\/wp\/v2\/comments?post=114"}],"version-history":[{"count":1,"href":"https:\/\/ekosspiritus.hr\/index.php\/wp-json\/wp\/v2\/pages\/114\/revisions"}],"predecessor-version":[{"id":115,"href":"https:\/\/ekosspiritus.hr\/index.php\/wp-json\/wp\/v2\/pages\/114\/revisions\/115"}],"up":[{"embeddable":true,"href":"https:\/\/ekosspiritus.hr\/index.php\/wp-json\/wp\/v2\/pages\/16"}],"wp:attachment":[{"href":"https:\/\/ekosspiritus.hr\/index.php\/wp-json\/wp\/v2\/media?parent=114"}],"curies":[{"name":"wp","href":"https:\/\/api.w.org\/{rel}","templated":true}]}}