{"id":116,"date":"2015-11-30T20:05:31","date_gmt":"2015-11-30T20:05:31","guid":{"rendered":"http:\/\/ekosspiritus.hr\/?page_id=116"},"modified":"2015-11-30T20:06:15","modified_gmt":"2015-11-30T20:06:15","slug":"humanitarni-rad","status":"publish","type":"page","link":"https:\/\/ekosspiritus.hr\/index.php\/cerina\/humanitarni-rad\/","title":{"rendered":"Humanitarni rad"},"content":{"rendered":"<p>Kao jedna od karizmi udruge \u010desto se javlja i potreba humanitarnog djelovanja u lokaloj zajednici, te su tako nastala dva projekta:<\/p>\n<p>Darivanje djece<br \/>\nObi\u010daj posje\u0107ivanja djece u \u017eumbera\u010dkim selima Bedar, Javorak i Kostanjevec s vremenom je prerastao u tradiciju. Krajem godine sponzori i prijatelji prikupe darove poput igra\u010daka i slatki\u0161a te se oko blagdana sv. Nikole svakom djetetu donese poklon. Gotovo da vi\u0161e radosti izazove dolazak djedice u biskupskom odijelu od materijalnih stvari. S obzirom da slike ipak govore vi\u0161e od rije\u010di, pogledajte kako ova akcija izgleda i ako vas radost na licima te djece obnovi i po\u017eelite i vi pomo\u0107i, javite se!<\/p>\n<p>Kravica mamica<br \/>\nObnavljaju\u0107i ku\u0107u i okolne livade na Cerini uspjeli smo ih oplemeniti, a paralelno s tim svih ovih godina nastojali smo uspostavljati veze s malobrojnim stanovnicima koji su ostali po ra\u0161trkanim bregima. Razveseljavali smo djecu prigodnim darovima, kupovali poljoprivredne proizvode iz seoskih doma\u0107instava i upotrebljavali ih u na\u0161oj kuhinji, krijepili se susretima u euharistiji uz na\u0161a raspela i kapele, prijateljski se susretali u mnogim prigodama koje su tijekom zadnjih godina organizirane na Cerini.<br \/>\nCilj humanitarne akcije \u201ekravica mamica\u201c bilo je pomo\u0107i jednoj takvoj obitelji, Re\u0161\u010di\u0107 iz \u0160ipa\u010dkog Brega, i kupiti im kravicu za koju sami nemaju sredstava. Akciji se pridru\u017eila i udruga \u201eU duhu s Kristom\u201c iz Samobora prodaju\u0107i prigodne suvenire na \u0161tandu u okviru Samoborskog fa\u0161nika. Nakon nekoliko mjeseci skupljanja sredstava kravica je kupljena i sada redovito daje mlijeko u \u0161talici koja je postala njen novi dom.<\/p>\n","protected":false},"excerpt":{"rendered":"<p>Kao jedna od karizmi udruge \u010desto se javlja i potreba humanitarnog djelovanja u lokaloj zajednici, te su tako nastala dva projekta: Darivanje djece Obi\u010daj posje\u0107ivanja djece u \u017eumbera\u010dkim selima Bedar, Javorak i<a class=\"moretag\" href=\"https:\/\/ekosspiritus.hr\/index.php\/cerina\/humanitarni-rad\/\">Read More&#8230;<\/a><\/p>\n","protected":false},"author":1,"featured_media":0,"parent":16,"menu_order":0,"comment_status":"closed","ping_status":"closed","template":"","meta":{"footnotes":""},"class_list":["post-116","page","type-page","status-publish","hentry"],"_links":{"self":[{"href":"https:\/\/ekosspiritus.hr\/index.php\/wp-json\/wp\/v2\/pages\/116","targetHints":{"allow":["GET"]}}],"collection":[{"href":"https:\/\/ekosspiritus.hr\/index.php\/wp-json\/wp\/v2\/pages"}],"about":[{"href":"https:\/\/ekosspiritus.hr\/index.php\/wp-json\/wp\/v2\/types\/page"}],"author":[{"embeddable":true,"href":"https:\/\/ekosspiritus.hr\/index.php\/wp-json\/wp\/v2\/users\/1"}],"replies":[{"embeddable":true,"href":"https:\/\/ekosspiritus.hr\/index.php\/wp-json\/wp\/v2\/comments?post=116"}],"version-history":[{"count":1,"href":"https:\/\/ekosspiritus.hr\/index.php\/wp-json\/wp\/v2\/pages\/116\/revisions"}],"predecessor-version":[{"id":117,"href":"https:\/\/ekosspiritus.hr\/index.php\/wp-json\/wp\/v2\/pages\/116\/revisions\/117"}],"up":[{"embeddable":true,"href":"https:\/\/ekosspiritus.hr\/index.php\/wp-json\/wp\/v2\/pages\/16"}],"wp:attachment":[{"href":"https:\/\/ekosspiritus.hr\/index.php\/wp-json\/wp\/v2\/media?parent=116"}],"curies":[{"name":"wp","href":"https:\/\/api.w.org\/{rel}","templated":true}]}}