{"id":130,"date":"2015-12-06T14:58:10","date_gmt":"2015-12-06T14:58:10","guid":{"rendered":"http:\/\/ekosspiritus.hr\/?page_id=130"},"modified":"2015-12-06T16:14:57","modified_gmt":"2015-12-06T16:14:57","slug":"prijasnji-pohodi","status":"publish","type":"page","link":"https:\/\/ekosspiritus.hr\/index.php\/planinarski-krizni-put\/pkp-za-mlade\/prijasnji-pohodi\/","title":{"rendered":"Prija\u0161nji pohodi"},"content":{"rendered":"<div class=\"tx-blog tx-post-row tx-masonry\"><div class=\"tx-blog-item tx-post-col-2\"><div class=\"tx-border-box\"><div class=\"tx-blog-img\"><a href=\"https:\/\/ekosspiritus.hr\/wp-content\/uploads\/2018\/10\/PKP-U-crkvi-u-Mrkoplju.jpg\" class=\"tx-colorbox\"><img decoding=\"async\" src=\"https:\/\/ekosspiritus.hr\/wp-content\/uploads\/2018\/10\/PKP-U-crkvi-u-Mrkoplju-600x360.jpg\" alt=\"\" class=\"blog-image\" \/><\/a><span class=\"tx-post-comm\"><span>0<\/span><\/span><\/div><div class=\"tx-post-content\"><h3 class=\"tx-post-title\"><a href=\"https:\/\/ekosspiritus.hr\/index.php\/2018\/10\/16\/dogodilo-se-u-gorskom-kotaru-odrzan-62-planinarski-krizni-put-udruge-ekosspiritus\/\">DOGODILO SE: U Gorskom kotaru odr\u017ean 62. Planinarski kri\u017eni put Udruge Ekosspiritus<\/a><\/h3><div style=\"height: 16px;\"><\/div><div class=\"tx-blog-content\">U subotu 13. i nedjelju 14. listopada 2018. godine pro\u0161ao je Krist kroz Gorski kotar, na dionici puta od Ravne Gore preko Mrkoplja i Lokvi do Delnica, kroz mala mjesta i sela,&lt;a class=&quot;moretag&quot; href=&quot;https:\/\/ekosspiritus.hr\/index.php\/2018\/10\/16\/dogodilo-se-u-gorskom-kotaru-odrzan-62-planinarski-krizni-put-udruge-ekosspiritus\/&quot;&gt;Read More...&lt;\/a&gt;<\/div><div class=\"tx-meta\"><span class=\"tx-author\">By : <a href=\"https:\/\/ekosspiritus.hr\/index.php\/author\/admin\/\">admin<\/a><\/span><span class=\"tx-date\"> | Oct 16, 2018<\/span><\/div><\/div><\/div><\/div><div class=\"tx-blog-item tx-post-col-2\"><div class=\"tx-border-box\"><div class=\"tx-blog-img\"><a href=\"https:\/\/ekosspiritus.hr\/wp-content\/uploads\/2018\/03\/29342235_2074419472836742_4383783835247050752_o-Copy.jpg\" class=\"tx-colorbox\"><img decoding=\"async\" src=\"https:\/\/ekosspiritus.hr\/wp-content\/uploads\/2018\/03\/29342235_2074419472836742_4383783835247050752_o-Copy-600x360.jpg\" alt=\"\" class=\"blog-image\" \/><\/a><span class=\"tx-post-comm\"><span>0<\/span><\/span><\/div><div class=\"tx-post-content\"><h3 class=\"tx-post-title\"><a href=\"https:\/\/ekosspiritus.hr\/index.php\/2018\/03\/19\/dogodilo-se-61-planinarski-krizni-put\/\">DOGODILO SE: 61. PLANINARSKI KRI\u017dNI PUT<\/a><\/h3><div style=\"height: 16px;\"><\/div><div class=\"tx-blog-content\">Kao da je ju\u010der bilo kada smo slavili jubilej, velikih 30 godina odr\u017eavanja planinarskog kri\u017enog puta. A onda je pro\u0161lo tek nekoliko mjeseci, izmijenilo se tek jedno godi\u0161nje doba \u2013 i eto&lt;a class=&quot;moretag&quot; href=&quot;https:\/\/ekosspiritus.hr\/index.php\/2018\/03\/19\/dogodilo-se-61-planinarski-krizni-put\/&quot;&gt;Read More...&lt;\/a&gt;<\/div><div class=\"tx-meta\"><span class=\"tx-author\">By : <a href=\"https:\/\/ekosspiritus.hr\/index.php\/author\/katarina\/\">Katarina Pucar<\/a><\/span><span class=\"tx-date\"> | Mar 19, 2018<\/span><\/div><\/div><\/div><\/div><div class=\"tx-blog-item tx-post-col-2\"><div class=\"tx-border-box\"><div class=\"tx-blog-img\"><a href=\"https:\/\/ekosspiritus.hr\/wp-content\/uploads\/2017\/10\/zzzzz-1.jpg\" class=\"tx-colorbox\"><img decoding=\"async\" src=\"https:\/\/ekosspiritus.hr\/wp-content\/uploads\/2017\/10\/zzzzz-1-600x360.jpg\" alt=\"\" class=\"blog-image\" \/><\/a><span class=\"tx-post-comm\"><span>0<\/span><\/span><\/div><div class=\"tx-post-content\"><h3 class=\"tx-post-title\"><a href=\"https:\/\/ekosspiritus.hr\/index.php\/2017\/10\/17\/dogodilo-se-60-planinarski-krizni-put\/\">DOGODILO SE: 60. PLANINARSKI KRI\u017dNI PUT<\/a><\/h3><div style=\"height: 16px;\"><\/div><div class=\"tx-blog-content\">Bio je to zaista vikend velikog jubileja. Osje\u0107alo se to u vremenu, prekrasna dva sun\u010dana dana babljeg ljeta. Osje\u0107alo se to u atmosferi, brojnim sudinicima koji su hodali davnih dana i sada&lt;a class=&quot;moretag&quot; href=&quot;https:\/\/ekosspiritus.hr\/index.php\/2017\/10\/17\/dogodilo-se-60-planinarski-krizni-put\/&quot;&gt;Read More...&lt;\/a&gt;<\/div><div class=\"tx-meta\"><span class=\"tx-author\">By : <a href=\"https:\/\/ekosspiritus.hr\/index.php\/author\/katarina\/\">Katarina Pucar<\/a><\/span><span class=\"tx-date\"> | Oct 17, 2017<\/span><\/div><\/div><\/div><\/div><div class=\"tx-blog-item tx-post-col-2\"><div class=\"tx-border-box\"><div class=\"tx-blog-img\"><a href=\"https:\/\/ekosspiritus.hr\/wp-content\/uploads\/2017\/04\/DSC03591.jpg\" class=\"tx-colorbox\"><img decoding=\"async\" src=\"https:\/\/ekosspiritus.hr\/wp-content\/uploads\/2017\/04\/DSC03591-600x360.jpg\" alt=\"\" class=\"blog-image\" \/><\/a><span class=\"tx-post-comm\"><span>0<\/span><\/span><\/div><div class=\"tx-post-content\"><h3 class=\"tx-post-title\"><a href=\"https:\/\/ekosspiritus.hr\/index.php\/2017\/04\/03\/odrzan-59-planinarski-krizni-put\/\">ODR\u017dAN 59. Planinarski kri\u017eni put<\/a><\/h3><div style=\"height: 16px;\"><\/div><div class=\"tx-blog-content\">1.i 2. travnja 2017. godine odr\u017ean je 59. Planinarski kri\u017eni put, \u010dime smo u\u0161li u godinu kada ova pobo\u017enost obilje\u017eava trideset godina od nastanka, davne 1987. u Samoborskom gorju. Udruga Ekosspiritus iz&lt;a class=&quot;moretag&quot; href=&quot;https:\/\/ekosspiritus.hr\/index.php\/2017\/04\/03\/odrzan-59-planinarski-krizni-put\/&quot;&gt;Read More...&lt;\/a&gt;<\/div><div class=\"tx-meta\"><span class=\"tx-author\">By : <a href=\"https:\/\/ekosspiritus.hr\/index.php\/author\/katarina\/\">Katarina Pucar<\/a><\/span><span class=\"tx-date\"> | Apr 3, 2017<\/span><\/div><\/div><\/div><\/div><\/div><div class=\"nx-paging\"><div class=\"nx-paging-inner\"><span aria-current=\"page\" class=\"page-numbers current\">1<\/span>\n<a class=\"page-numbers\" href=\"https:\/\/ekosspiritus.hr\/index.php\/wp-json\/wp\/v2\/pages\/130\/page\/2\/\">2<\/a>\n<a class=\"next page-numbers\" href=\"https:\/\/ekosspiritus.hr\/index.php\/wp-json\/wp\/v2\/pages\/130\/page\/2\/\">&raquo;<\/a><\/div><\/div>\n","protected":false},"excerpt":{"rendered":"","protected":false},"author":1,"featured_media":0,"parent":72,"menu_order":0,"comment_status":"closed","ping_status":"closed","template":"","meta":{"footnotes":""},"class_list":["post-130","page","type-page","status-publish","hentry"],"_links":{"self":[{"href":"https:\/\/ekosspiritus.hr\/index.php\/wp-json\/wp\/v2\/pages\/130","targetHints":{"allow":["GET"]}}],"collection":[{"href":"https:\/\/ekosspiritus.hr\/index.php\/wp-json\/wp\/v2\/pages"}],"about":[{"href":"https:\/\/ekosspiritus.hr\/index.php\/wp-json\/wp\/v2\/types\/page"}],"author":[{"embeddable":true,"href":"https:\/\/ekosspiritus.hr\/index.php\/wp-json\/wp\/v2\/users\/1"}],"replies":[{"embeddable":true,"href":"https:\/\/ekosspiritus.hr\/index.php\/wp-json\/wp\/v2\/comments?post=130"}],"version-history":[{"count":8,"href":"https:\/\/ekosspiritus.hr\/index.php\/wp-json\/wp\/v2\/pages\/130\/revisions"}],"predecessor-version":[{"id":161,"href":"https:\/\/ekosspiritus.hr\/index.php\/wp-json\/wp\/v2\/pages\/130\/revisions\/161"}],"up":[{"embeddable":true,"href":"https:\/\/ekosspiritus.hr\/index.php\/wp-json\/wp\/v2\/pages\/72"}],"wp:attachment":[{"href":"https:\/\/ekosspiritus.hr\/index.php\/wp-json\/wp\/v2\/media?parent=130"}],"curies":[{"name":"wp","href":"https:\/\/api.w.org\/{rel}","templated":true}]}}