{"id":14,"date":"2015-07-05T10:54:31","date_gmt":"2015-07-05T10:54:31","guid":{"rendered":"http:\/\/ekosspiritus.hr\/?page_id=14"},"modified":"2015-12-22T11:11:06","modified_gmt":"2015-12-22T11:11:06","slug":"katehetski-tim","status":"publish","type":"page","link":"https:\/\/ekosspiritus.hr\/index.php\/katehetski-tim\/","title":{"rendered":"Katehetski tim"},"content":{"rendered":"<p>Katehetski tim udruge Ekosspiritus osnovan je sa \u017eeljom okupljanja kateheta, vjerou\u010ditelja i teologa u cilju osmi\u0161ljavanja katehetskih pomagala, pripreme duhovnih vje\u017ebi, duhovnih susreta u udruzi i sl. Tim je do sada izdao nekoliko knjiga i pomogao brojne projekte Nadbiskupije, kao i nekih drugih zajednica. Voditeljica tima je vjerou\u010diteljica Katarina Pu\u010dar, a trenuta\u010dno broji dvadesetak \u010dlanova.<\/p>\n","protected":false},"excerpt":{"rendered":"<p>Katehetski tim udruge Ekosspiritus osnovan je sa \u017eeljom okupljanja kateheta, vjerou\u010ditelja i teologa u cilju osmi\u0161ljavanja katehetskih pomagala, pripreme duhovnih vje\u017ebi, duhovnih susreta u udruzi i sl. Tim je do sada izdao<a class=\"moretag\" href=\"https:\/\/ekosspiritus.hr\/index.php\/katehetski-tim\/\">Read More&#8230;<\/a><\/p>\n","protected":false},"author":1,"featured_media":370,"parent":0,"menu_order":5,"comment_status":"closed","ping_status":"closed","template":"","meta":{"footnotes":""},"class_list":["post-14","page","type-page","status-publish","has-post-thumbnail","hentry"],"_links":{"self":[{"href":"https:\/\/ekosspiritus.hr\/index.php\/wp-json\/wp\/v2\/pages\/14","targetHints":{"allow":["GET"]}}],"collection":[{"href":"https:\/\/ekosspiritus.hr\/index.php\/wp-json\/wp\/v2\/pages"}],"about":[{"href":"https:\/\/ekosspiritus.hr\/index.php\/wp-json\/wp\/v2\/types\/page"}],"author":[{"embeddable":true,"href":"https:\/\/ekosspiritus.hr\/index.php\/wp-json\/wp\/v2\/users\/1"}],"replies":[{"embeddable":true,"href":"https:\/\/ekosspiritus.hr\/index.php\/wp-json\/wp\/v2\/comments?post=14"}],"version-history":[{"count":2,"href":"https:\/\/ekosspiritus.hr\/index.php\/wp-json\/wp\/v2\/pages\/14\/revisions"}],"predecessor-version":[{"id":109,"href":"https:\/\/ekosspiritus.hr\/index.php\/wp-json\/wp\/v2\/pages\/14\/revisions\/109"}],"wp:featuredmedia":[{"embeddable":true,"href":"https:\/\/ekosspiritus.hr\/index.php\/wp-json\/wp\/v2\/media\/370"}],"wp:attachment":[{"href":"https:\/\/ekosspiritus.hr\/index.php\/wp-json\/wp\/v2\/media?parent=14"}],"curies":[{"name":"wp","href":"https:\/\/api.w.org\/{rel}","templated":true}]}}