{"id":140,"date":"2015-12-06T15:14:07","date_gmt":"2015-12-06T15:14:07","guid":{"rendered":"http:\/\/ekosspiritus.hr\/?page_id=140"},"modified":"2015-12-06T15:14:07","modified_gmt":"2015-12-06T15:14:07","slug":"prijasnji-pohodi","status":"publish","type":"page","link":"https:\/\/ekosspiritus.hr\/index.php\/hpd-sv-patrik\/nacionalnim-parkovima\/prijasnji-pohodi\/","title":{"rendered":"Prija\u0161nji pohodi"},"content":{"rendered":"<div class=\"tx-blog tx-post-row tx-masonry\"><div class=\"tx-blog-item tx-post-col-2\"><div class=\"tx-border-box\"><div class=\"tx-blog-imgpad\"><\/div><div class=\"tx-post-content\"><h3 class=\"tx-post-title\"><a href=\"https:\/\/ekosspiritus.hr\/index.php\/2012\/09\/16\/nacionalnim-parkovima-risnjak-2012\/\">Nacionalnim parkovima&#8230; RISNJAK 2012.<\/a><\/h3><div style=\"height: 16px;\"><\/div><div class=\"tx-blog-content\">Usponom na vrh Risnjaka zavr\u0161en je u nedjelju 16. rujna projekt udruge Ekosspiritus pod nazivom &#8220;Nacionalni parkovi&#8221;. Uz projekt &#8220;Lijepa li si&#8221;\u2026, ovaj je projekt proteklih godina bio jedan od najposje\u0107enijih \u2013&lt;a class=&quot;moretag&quot; href=&quot;https:\/\/ekosspiritus.hr\/index.php\/2012\/09\/16\/nacionalnim-parkovima-risnjak-2012\/&quot;&gt;Read More...&lt;\/a&gt;<\/div><div class=\"tx-meta\"><span class=\"tx-author\">By : <a href=\"https:\/\/ekosspiritus.hr\/index.php\/author\/admin\/\">admin<\/a><\/span><span class=\"tx-date\"> | Sep 16, 2012<\/span><\/div><\/div><\/div><\/div><div class=\"tx-blog-item tx-post-col-2\"><div class=\"tx-border-box\"><div class=\"tx-blog-imgpad\"><\/div><div class=\"tx-post-content\"><h3 class=\"tx-post-title\"><a href=\"https:\/\/ekosspiritus.hr\/index.php\/2011\/09\/04\/nacionalnim-parkovima-brijuni-2011\/\">Nacionalnim parkovima\u2026 BRIJUNI 2011.<\/a><\/h3><div style=\"height: 16px;\"><\/div><div class=\"tx-blog-content\">U nedjelju, 4. 9. 2011. godine, kada smo po\u010deli zatvarati sezonu i zaboravljati dane godi\u0161njih odmora,\u00a0 HPD Sv. Patrik organizirao je izlet na Brijune u sklopu svog redovitog projekta Nacionalnim parkovima. Krenulo&lt;a class=&quot;moretag&quot; href=&quot;https:\/\/ekosspiritus.hr\/index.php\/2011\/09\/04\/nacionalnim-parkovima-brijuni-2011\/&quot;&gt;Read More...&lt;\/a&gt;<\/div><div class=\"tx-meta\"><span class=\"tx-author\">By : <a href=\"https:\/\/ekosspiritus.hr\/index.php\/author\/admin\/\">admin<\/a><\/span><span class=\"tx-date\"> | Sep 4, 2011<\/span><\/div><\/div><\/div><\/div><div class=\"tx-blog-item tx-post-col-2\"><div class=\"tx-border-box\"><div class=\"tx-blog-imgpad\"><\/div><div class=\"tx-post-content\"><h3 class=\"tx-post-title\"><a href=\"https:\/\/ekosspiritus.hr\/index.php\/2009\/09\/27\/nacionalnim-parkovima-plitvicka-jezera\/\">Nacionalnim parkovima\u2026 PLITVI\u010cKA JEZERA<\/a><\/h3><div style=\"height: 16px;\"><\/div><div class=\"tx-blog-content\">Cijelu jesensku nedjelju sudionici su se pitali: \u201eTe\u010de i te\u010de, te\u010de jedan slap; \u0161to u njem zna\u010di moja mala kap\u201c? Projekt Nacionalnim parkovima\u2026 poveo nas je na Plitvi\u010dka jezera, na\u0161 najstariji nacionalni&lt;a class=&quot;moretag&quot; href=&quot;https:\/\/ekosspiritus.hr\/index.php\/2009\/09\/27\/nacionalnim-parkovima-plitvicka-jezera\/&quot;&gt;Read More...&lt;\/a&gt;<\/div><div class=\"tx-meta\"><span class=\"tx-author\">By : <a href=\"https:\/\/ekosspiritus.hr\/index.php\/author\/admin\/\">admin<\/a><\/span><span class=\"tx-date\"> | Sep 27, 2009<\/span><\/div><\/div><\/div><\/div><div class=\"tx-blog-item tx-post-col-2\"><div class=\"tx-border-box\"><div class=\"tx-blog-imgpad\"><\/div><div class=\"tx-post-content\"><h3 class=\"tx-post-title\"><a href=\"https:\/\/ekosspiritus.hr\/index.php\/2008\/05\/22\/lijepa-li-si-nacionalnim-parkovima-mljet-2008\/\">Lijepa li si &#8230; + Nacionalnim parkovima MLJET 2008.<\/a><\/h3><div style=\"height: 16px;\"><\/div><div class=\"tx-blog-content\">U produ\u017eenom vikendu 22. \u2013 25. svibnja odr\u017eana su dva redovita projekta ove godine spojena u jedan izlet. Najvi\u0161e zbog udaljenosti kombinirao se pohod Hrvatskom Lijepa li si\u2026 s posjetima nacionalnim parkovima&lt;a class=&quot;moretag&quot; href=&quot;https:\/\/ekosspiritus.hr\/index.php\/2008\/05\/22\/lijepa-li-si-nacionalnim-parkovima-mljet-2008\/&quot;&gt;Read More...&lt;\/a&gt;<\/div><div class=\"tx-meta\"><span class=\"tx-author\">By : <a href=\"https:\/\/ekosspiritus.hr\/index.php\/author\/admin\/\">admin<\/a><\/span><span class=\"tx-date\"> | May 22, 2008<\/span><\/div><\/div><\/div><\/div><\/div><div class=\"nx-paging\"><div class=\"nx-paging-inner\"><span aria-current=\"page\" class=\"page-numbers current\">1<\/span>\n<a class=\"page-numbers\" href=\"https:\/\/ekosspiritus.hr\/index.php\/wp-json\/wp\/v2\/pages\/140\/page\/2\/\">2<\/a>\n<a class=\"next page-numbers\" href=\"https:\/\/ekosspiritus.hr\/index.php\/wp-json\/wp\/v2\/pages\/140\/page\/2\/\">&raquo;<\/a><\/div><\/div>\n","protected":false},"excerpt":{"rendered":"","protected":false},"author":1,"featured_media":0,"parent":97,"menu_order":0,"comment_status":"closed","ping_status":"closed","template":"","meta":{"footnotes":""},"class_list":["post-140","page","type-page","status-publish","hentry"],"_links":{"self":[{"href":"https:\/\/ekosspiritus.hr\/index.php\/wp-json\/wp\/v2\/pages\/140","targetHints":{"allow":["GET"]}}],"collection":[{"href":"https:\/\/ekosspiritus.hr\/index.php\/wp-json\/wp\/v2\/pages"}],"about":[{"href":"https:\/\/ekosspiritus.hr\/index.php\/wp-json\/wp\/v2\/types\/page"}],"author":[{"embeddable":true,"href":"https:\/\/ekosspiritus.hr\/index.php\/wp-json\/wp\/v2\/users\/1"}],"replies":[{"embeddable":true,"href":"https:\/\/ekosspiritus.hr\/index.php\/wp-json\/wp\/v2\/comments?post=140"}],"version-history":[{"count":1,"href":"https:\/\/ekosspiritus.hr\/index.php\/wp-json\/wp\/v2\/pages\/140\/revisions"}],"predecessor-version":[{"id":141,"href":"https:\/\/ekosspiritus.hr\/index.php\/wp-json\/wp\/v2\/pages\/140\/revisions\/141"}],"up":[{"embeddable":true,"href":"https:\/\/ekosspiritus.hr\/index.php\/wp-json\/wp\/v2\/pages\/97"}],"wp:attachment":[{"href":"https:\/\/ekosspiritus.hr\/index.php\/wp-json\/wp\/v2\/media?parent=140"}],"curies":[{"name":"wp","href":"https:\/\/api.w.org\/{rel}","templated":true}]}}