{"id":148,"date":"2015-12-06T15:39:50","date_gmt":"2015-12-06T15:39:50","guid":{"rendered":"http:\/\/ekosspiritus.hr\/?page_id=148"},"modified":"2015-12-06T15:39:50","modified_gmt":"2015-12-06T15:39:50","slug":"prijasnji-pohodi","status":"publish","type":"page","link":"https:\/\/ekosspiritus.hr\/index.php\/hpd-sv-patrik\/izleti\/prijasnji-pohodi\/","title":{"rendered":"Prija\u0161nji pohodi"},"content":{"rendered":"<div class=\"tx-blog tx-post-row tx-masonry\"><div class=\"tx-blog-item tx-post-col-2\"><div class=\"tx-border-box\"><div class=\"tx-blog-img\"><a href=\"https:\/\/ekosspiritus.hr\/wp-content\/uploads\/2019\/03\/DSC_0137-\u2013-kopija.jpg\" class=\"tx-colorbox\"><img decoding=\"async\" src=\"https:\/\/ekosspiritus.hr\/wp-content\/uploads\/2019\/03\/DSC_0137-\u2013-kopija-600x360.jpg\" alt=\"\" class=\"blog-image\" \/><\/a><span class=\"tx-post-comm\"><span>0<\/span><\/span><\/div><div class=\"tx-post-content\"><h3 class=\"tx-post-title\"><a href=\"https:\/\/ekosspiritus.hr\/index.php\/2019\/03\/18\/dodgodilo-se-proslava-zastitnika-hpda-na-kleku\/\">DODGODILO SE: Proslava za\u0161titnika HPDa na Kleku<\/a><\/h3><div style=\"height: 16px;\"><\/div><div class=\"tx-blog-content\">U nedjelju, 17. o\u017eujka 2019. godine, na svetkovinu sv. Patrika, Hrvatsko planinarsko dru\u0161tvo iz Samobora koje nosi ime toga sveca odr\u017ealo je veliki izlet kako bi proslavili svoga za\u0161titnika. Planinarski dio izleta&lt;a class=&quot;moretag&quot; href=&quot;https:\/\/ekosspiritus.hr\/index.php\/2019\/03\/18\/dodgodilo-se-proslava-zastitnika-hpda-na-kleku\/&quot;&gt;Read More...&lt;\/a&gt;<\/div><div class=\"tx-meta\"><span class=\"tx-author\">By : <a href=\"https:\/\/ekosspiritus.hr\/index.php\/author\/katarina\/\">Katarina Pucar<\/a><\/span><span class=\"tx-date\"> | Mar 18, 2019<\/span><\/div><\/div><\/div><\/div><div class=\"tx-blog-item tx-post-col-2\"><div class=\"tx-border-box\"><div class=\"tx-blog-img\"><a href=\"https:\/\/ekosspiritus.hr\/wp-content\/uploads\/2019\/02\/1.jpg\" class=\"tx-colorbox\"><img decoding=\"async\" src=\"https:\/\/ekosspiritus.hr\/wp-content\/uploads\/2019\/02\/1-600x360.jpg\" alt=\"\" class=\"blog-image\" \/><\/a><span class=\"tx-post-comm\"><span>0<\/span><\/span><\/div><div class=\"tx-post-content\"><h3 class=\"tx-post-title\"><a href=\"https:\/\/ekosspiritus.hr\/index.php\/2019\/02\/19\/dogodilo-se-izlet-na-ostrc\/\">DOGODILO SE: Izlet na O\u0161trc<\/a><\/h3><div style=\"height: 16px;\"><\/div><div class=\"tx-blog-content\">Preko osamdeset \u010dlanova prijatelja i simpatizera Hrvatskog planinarskog dru\u0161tva sv. Patrika okupilo se u nedjelju, 17. velja\u010de 2019. na planinarski izlet kojem je bio cilj vrh O\u0161trc u Samoborskom gorju. Izlet je&lt;a class=&quot;moretag&quot; href=&quot;https:\/\/ekosspiritus.hr\/index.php\/2019\/02\/19\/dogodilo-se-izlet-na-ostrc\/&quot;&gt;Read More...&lt;\/a&gt;<\/div><div class=\"tx-meta\"><span class=\"tx-author\">By : <a href=\"https:\/\/ekosspiritus.hr\/index.php\/author\/katarina\/\">Katarina Pucar<\/a><\/span><span class=\"tx-date\"> | Feb 19, 2019<\/span><\/div><\/div><\/div><\/div><div class=\"tx-blog-item tx-post-col-2\"><div class=\"tx-border-box\"><div class=\"tx-blog-img\"><a href=\"https:\/\/ekosspiritus.hr\/wp-content\/uploads\/2018\/10\/DSC_0247.jpg\" class=\"tx-colorbox\"><img decoding=\"async\" src=\"https:\/\/ekosspiritus.hr\/wp-content\/uploads\/2018\/10\/DSC_0247-600x360.jpg\" alt=\"\" class=\"blog-image\" \/><\/a><span class=\"tx-post-comm\"><span>0<\/span><\/span><\/div><div class=\"tx-post-content\"><h3 class=\"tx-post-title\"><a href=\"https:\/\/ekosspiritus.hr\/index.php\/2018\/10\/23\/dogodilo-se-izlet-planinarske-skole\/\">DOGODILO SE: Izlet Planinarske \u0161kole<\/a><\/h3><div style=\"height: 16px;\"><\/div><div class=\"tx-blog-content\">U subotu, 20.10.2018., Mali planinari Pavlekice planinarili su na Isto\u010dnu Medvednicu. Autobus nas je od \u0161kole prevezao do Gornjeg \u010cu\u010derja. Tamo je bila na\u0161a polazna to\u010dka. Preko vrtova i vo\u0107njaka popeli smo&lt;a class=&quot;moretag&quot; href=&quot;https:\/\/ekosspiritus.hr\/index.php\/2018\/10\/23\/dogodilo-se-izlet-planinarske-skole\/&quot;&gt;Read More...&lt;\/a&gt;<\/div><div class=\"tx-meta\"><span class=\"tx-author\">By : <a href=\"https:\/\/ekosspiritus.hr\/index.php\/author\/katarina\/\">Katarina Pucar<\/a><\/span><span class=\"tx-date\"> | Oct 23, 2018<\/span><\/div><\/div><\/div><\/div><div class=\"tx-blog-item tx-post-col-2\"><div class=\"tx-border-box\"><div class=\"tx-blog-img\"><a href=\"https:\/\/ekosspiritus.hr\/wp-content\/uploads\/2018\/10\/WhatsApp-Image-2018-09-30-at-19.47.25-1024x768.jpeg\" class=\"tx-colorbox\"><img decoding=\"async\" src=\"https:\/\/ekosspiritus.hr\/wp-content\/uploads\/2018\/10\/WhatsApp-Image-2018-09-30-at-19.47.25-600x360.jpeg\" alt=\"\" class=\"blog-image\" \/><\/a><span class=\"tx-post-comm\"><span>0<\/span><\/span><\/div><div class=\"tx-post-content\"><h3 class=\"tx-post-title\"><a href=\"https:\/\/ekosspiritus.hr\/index.php\/2018\/10\/01\/dogodilo-se-bratovstina-svetog-jakova-apostola-odrzala-prvi-camino-dan\/\">DOGODILO SE: Bratov\u0161tina svetog Jakova apostola odr\u017eala prvi Camino dan<\/a><\/h3><div style=\"height: 16px;\"><\/div><div class=\"tx-blog-content\">U Samoboru i Samoborskom gorju Bratov\u0161tina sv. Jakova apostola odr\u017eala je prvi Camino dan koji je bio pun zahvaljivanja Bogu za hodo\u010da\u0161\u0107e svetom Jakovu odr\u017eano u srpnju ove godine ali i sje\u0107anja&lt;a class=&quot;moretag&quot; href=&quot;https:\/\/ekosspiritus.hr\/index.php\/2018\/10\/01\/dogodilo-se-bratovstina-svetog-jakova-apostola-odrzala-prvi-camino-dan\/&quot;&gt;Read More...&lt;\/a&gt;<\/div><div class=\"tx-meta\"><span class=\"tx-author\">By : <a href=\"https:\/\/ekosspiritus.hr\/index.php\/author\/admin\/\">admin<\/a><\/span><span class=\"tx-date\"> | Oct 1, 2018<\/span><\/div><\/div><\/div><\/div><\/div><div class=\"nx-paging\"><div class=\"nx-paging-inner\"><span aria-current=\"page\" class=\"page-numbers current\">1<\/span>\n<a class=\"page-numbers\" href=\"https:\/\/ekosspiritus.hr\/index.php\/wp-json\/wp\/v2\/pages\/148\/page\/2\/\">2<\/a>\n<a class=\"page-numbers\" href=\"https:\/\/ekosspiritus.hr\/index.php\/wp-json\/wp\/v2\/pages\/148\/page\/3\/\">3<\/a>\n<span class=\"page-numbers dots\">&hellip;<\/span>\n<a class=\"page-numbers\" href=\"https:\/\/ekosspiritus.hr\/index.php\/wp-json\/wp\/v2\/pages\/148\/page\/10\/\">10<\/a>\n<a class=\"next page-numbers\" href=\"https:\/\/ekosspiritus.hr\/index.php\/wp-json\/wp\/v2\/pages\/148\/page\/2\/\">&raquo;<\/a><\/div><\/div>\n","protected":false},"excerpt":{"rendered":"","protected":false},"author":1,"featured_media":0,"parent":105,"menu_order":0,"comment_status":"closed","ping_status":"closed","template":"","meta":{"footnotes":""},"class_list":["post-148","page","type-page","status-publish","hentry"],"_links":{"self":[{"href":"https:\/\/ekosspiritus.hr\/index.php\/wp-json\/wp\/v2\/pages\/148","targetHints":{"allow":["GET"]}}],"collection":[{"href":"https:\/\/ekosspiritus.hr\/index.php\/wp-json\/wp\/v2\/pages"}],"about":[{"href":"https:\/\/ekosspiritus.hr\/index.php\/wp-json\/wp\/v2\/types\/page"}],"author":[{"embeddable":true,"href":"https:\/\/ekosspiritus.hr\/index.php\/wp-json\/wp\/v2\/users\/1"}],"replies":[{"embeddable":true,"href":"https:\/\/ekosspiritus.hr\/index.php\/wp-json\/wp\/v2\/comments?post=148"}],"version-history":[{"count":1,"href":"https:\/\/ekosspiritus.hr\/index.php\/wp-json\/wp\/v2\/pages\/148\/revisions"}],"predecessor-version":[{"id":149,"href":"https:\/\/ekosspiritus.hr\/index.php\/wp-json\/wp\/v2\/pages\/148\/revisions\/149"}],"up":[{"embeddable":true,"href":"https:\/\/ekosspiritus.hr\/index.php\/wp-json\/wp\/v2\/pages\/105"}],"wp:attachment":[{"href":"https:\/\/ekosspiritus.hr\/index.php\/wp-json\/wp\/v2\/media?parent=148"}],"curies":[{"name":"wp","href":"https:\/\/api.w.org\/{rel}","templated":true}]}}