{"id":16,"date":"2015-07-05T10:56:07","date_gmt":"2015-07-05T10:56:07","guid":{"rendered":"http:\/\/ekosspiritus.hr\/?page_id=16"},"modified":"2022-04-11T14:42:03","modified_gmt":"2022-04-11T14:42:03","slug":"cerina","status":"publish","type":"page","link":"https:\/\/ekosspiritus.hr\/index.php\/cerina\/","title":{"rendered":"Cerina"},"content":{"rendered":"<p>Planinarski dom &#8220;Cerinski vir&#8221; (<a href=\"https:\/\/goo.gl\/maps\/PeKJuzjz3iw\" target=\"_blank\" rel=\"noopener noreferrer\">Google Maps<\/a>) nalazi se u Samoborskom gorju, a ime je dobio\u00a0po najljep\u0161em samoborskom slapu, udaljenom od novog doma 5 do 7 minuta hoda.<\/p>\n<div class=\"tx-youtube-outerwarp\" style=\"width: 100%\"><div class=\"tx-youtube-warp\" style=\"\"><iframe src=\"https:\/\/www.youtube.com\/embed\/OZ4h9U__eNU?controls=1&amp;showinfo=0&amp;rel=0&amp;autoplay=0\" frameborder=\"0\" allow=\"autoplay\" allowfullscreen><\/iframe><\/div><\/div>\n<p>Novi dom proteklih 7 godina ure\u0111ivalo je Hrvatsko planinarsko dru\u0161tvo Svetog Patrika iz Samobora i udruga Ekosspiritus. Oni su prije 10 godina od obitelji Gun\u010di\u0107 kupili staru zidanicu iz 19. stolje\u0107a, te je polako po\u010deli ure\u0111ivati. Prvo je ure\u0111ena jedna prostorija za dru\u017eenje i sastanke \u010dlanova, a potom smo\u00a0vlastitim prilozima te uz pomo\u0107 donacija prijatelja i Samoboraca polako ure\u0111ivali dom. Od donacija smo dobili drvo, crijep, pijesak, te stari namje\u0161taj, kamine i jo\u0161 puno toga. Namje\u0161taj star preko stotinu godina smo uredili te njime namjestili obnovljenu kamenu zgradu, nadogra\u0111enu u modernom stilu. Uz kamenu zgradu nekada je postojala \u0161talica gdje je obitelj hranila blago, a danas je na to mjesto preseljena ku\u0107a iz Kra\u0161i\u0107a koja je iz 1937. godine.<\/p>\n<p>Dva objekta sada \u010dine skladnu cjelinu, a ure\u0111ene su i okolne parcele i okoli\u0161. Dom je otvoren za sve planinare i posjetitelje Samoborskoga gorja subotom i nedjeljom, a u ponudi\u00a0je skromna okrepa te mogu\u0107nost no\u0107enja.<\/p>\n","protected":false},"excerpt":{"rendered":"<p>Planinarski dom &#8220;Cerinski vir&#8221; (Google Maps) nalazi se u Samoborskom gorju, a ime je dobio\u00a0po najljep\u0161em samoborskom slapu, udaljenom od novog doma 5 do 7 minuta hoda. Novi dom proteklih 7 godina<a class=\"moretag\" href=\"https:\/\/ekosspiritus.hr\/index.php\/cerina\/\">Read More&#8230;<\/a><\/p>\n","protected":false},"author":1,"featured_media":372,"parent":0,"menu_order":6,"comment_status":"closed","ping_status":"closed","template":"","meta":{"footnotes":""},"class_list":["post-16","page","type-page","status-publish","has-post-thumbnail","hentry"],"_links":{"self":[{"href":"https:\/\/ekosspiritus.hr\/index.php\/wp-json\/wp\/v2\/pages\/16","targetHints":{"allow":["GET"]}}],"collection":[{"href":"https:\/\/ekosspiritus.hr\/index.php\/wp-json\/wp\/v2\/pages"}],"about":[{"href":"https:\/\/ekosspiritus.hr\/index.php\/wp-json\/wp\/v2\/types\/page"}],"author":[{"embeddable":true,"href":"https:\/\/ekosspiritus.hr\/index.php\/wp-json\/wp\/v2\/users\/1"}],"replies":[{"embeddable":true,"href":"https:\/\/ekosspiritus.hr\/index.php\/wp-json\/wp\/v2\/comments?post=16"}],"version-history":[{"count":5,"href":"https:\/\/ekosspiritus.hr\/index.php\/wp-json\/wp\/v2\/pages\/16\/revisions"}],"predecessor-version":[{"id":1622,"href":"https:\/\/ekosspiritus.hr\/index.php\/wp-json\/wp\/v2\/pages\/16\/revisions\/1622"}],"wp:featuredmedia":[{"embeddable":true,"href":"https:\/\/ekosspiritus.hr\/index.php\/wp-json\/wp\/v2\/media\/372"}],"wp:attachment":[{"href":"https:\/\/ekosspiritus.hr\/index.php\/wp-json\/wp\/v2\/media?parent=16"}],"curies":[{"name":"wp","href":"https:\/\/api.w.org\/{rel}","templated":true}]}}