{"id":18,"date":"2015-07-05T10:56:38","date_gmt":"2015-07-05T10:56:38","guid":{"rendered":"http:\/\/ekosspiritus.hr\/?page_id=18"},"modified":"2025-01-28T06:39:57","modified_gmt":"2025-01-28T06:39:57","slug":"svjakov","status":"publish","type":"page","link":"https:\/\/ekosspiritus.hr\/index.php\/svjakov\/","title":{"rendered":"&#8220;Sv. Jakov&#8221;"},"content":{"rendered":"<h3>Bratov\u0161tina sv. Jakova<\/h3>\n<p>Glasoviti El \u00a0Camino de Santiago (Put sv. Jakova), hodo\u010dasni\u010dki je put koji vodi do sveti\u0161ta sv. Jakova u \u00a0gradu Santiago de Compostella. \u00a0Njegova je popularnost porasla otkad mu je Vije\u0107e Europe 1987. godine dodijelilo titulu \u201cGlavne ulice Europe\u201d, a UNESCO je 1993. g. Camino de\u00a0Santiago proglasio svjetskom kulturnom ba\u0161tinom.<\/p>\n<p>Taj su put 2011. godine pro\u0161la i dva Samoborca, Vlado Kenda i Radovan Libri\u0107, a otad su poduzeli i niz aktivnosti za njegovo populariziranje. Kruna svega je osnivanje Bratov\u0161tine sv. Jakova \u00a0i gradnja pila svetog Jakova na Vrhov\u010daku. Osnovni cilj Bratov\u0161tine je popularizacija hodo\u010da\u0161\u0107a putevima sv. Jakova.<\/p>\n<p>Bratov\u0161tina sv. Jakova osnovana je 2015. kao sekcija udruge Ekosspiritus a od velja\u010de 2022.je formalno registrirana kao zasebna udruga koja nastavlja djelovati u zajedni\u0161tvu i u bliskoj suradnji s udrugom Ekosspiritus, Za vi\u0161e informacija pogledajte web stranicu Bratov\u0161tine <a href=\"https:\/\/caminocroatia.com\/hr\/bratovstina\/\">www.caminocroatia.com<\/a><\/p>\n\n\n<p><\/p>\n","protected":false},"excerpt":{"rendered":"<p>Bratov\u0161tina sv. Jakova Glasoviti El \u00a0Camino de Santiago (Put sv. Jakova), hodo\u010dasni\u010dki je put koji vodi do sveti\u0161ta sv. Jakova u \u00a0gradu Santiago de Compostella. \u00a0Njegova je popularnost porasla otkad mu je<a class=\"moretag\" href=\"https:\/\/ekosspiritus.hr\/index.php\/svjakov\/\">Read More&#8230;<\/a><\/p>\n","protected":false},"author":1,"featured_media":369,"parent":0,"menu_order":4,"comment_status":"closed","ping_status":"closed","template":"","meta":{"footnotes":""},"class_list":["post-18","page","type-page","status-publish","has-post-thumbnail","hentry"],"_links":{"self":[{"href":"https:\/\/ekosspiritus.hr\/index.php\/wp-json\/wp\/v2\/pages\/18","targetHints":{"allow":["GET"]}}],"collection":[{"href":"https:\/\/ekosspiritus.hr\/index.php\/wp-json\/wp\/v2\/pages"}],"about":[{"href":"https:\/\/ekosspiritus.hr\/index.php\/wp-json\/wp\/v2\/types\/page"}],"author":[{"embeddable":true,"href":"https:\/\/ekosspiritus.hr\/index.php\/wp-json\/wp\/v2\/users\/1"}],"replies":[{"embeddable":true,"href":"https:\/\/ekosspiritus.hr\/index.php\/wp-json\/wp\/v2\/comments?post=18"}],"version-history":[{"count":10,"href":"https:\/\/ekosspiritus.hr\/index.php\/wp-json\/wp\/v2\/pages\/18\/revisions"}],"predecessor-version":[{"id":1922,"href":"https:\/\/ekosspiritus.hr\/index.php\/wp-json\/wp\/v2\/pages\/18\/revisions\/1922"}],"wp:featuredmedia":[{"embeddable":true,"href":"https:\/\/ekosspiritus.hr\/index.php\/wp-json\/wp\/v2\/media\/369"}],"wp:attachment":[{"href":"https:\/\/ekosspiritus.hr\/index.php\/wp-json\/wp\/v2\/media?parent=18"}],"curies":[{"name":"wp","href":"https:\/\/api.w.org\/{rel}","templated":true}]}}