{"id":306,"date":"2015-12-18T13:53:29","date_gmt":"2015-12-18T13:53:29","guid":{"rendered":"http:\/\/ekosspiritus.hr\/?page_id=306"},"modified":"2015-12-18T13:59:45","modified_gmt":"2015-12-18T13:59:45","slug":"prijasnji-pohodi","status":"publish","type":"page","link":"https:\/\/ekosspiritus.hr\/index.php\/planinarski-krizni-put\/obiteljski-pkp\/prijasnji-pohodi\/","title":{"rendered":"Prija\u0161nji pohodi"},"content":{"rendered":"<div class=\"tx-blog tx-post-row tx-masonry\"><div class=\"tx-blog-item tx-post-col-2\"><div class=\"tx-border-box\"><div class=\"tx-blog-img\"><a href=\"https:\/\/ekosspiritus.hr\/wp-content\/uploads\/2017\/04\/P1140903.jpg\" class=\"tx-colorbox\"><img decoding=\"async\" src=\"https:\/\/ekosspiritus.hr\/wp-content\/uploads\/2017\/04\/P1140903-600x360.jpg\" alt=\"\" class=\"blog-image\" \/><\/a><span class=\"tx-post-comm\"><span>0<\/span><\/span><\/div><div class=\"tx-post-content\"><h3 class=\"tx-post-title\"><a href=\"https:\/\/ekosspiritus.hr\/index.php\/2017\/04\/09\/dogodilo-se-obiteljski-krizni-put\/\">DOGODILO SE: Obiteljski kri\u017eni put<\/a><\/h3><div style=\"height: 16px;\"><\/div><div class=\"tx-blog-content\">Pod geslom: &#8220;Doista i ti si od njih! Ta govor te tvoj izdaje!&#8221; (Mt 27, 73), odr\u017ean je u subotu 8. travnja u Samoborskom gorju Planinarski kri\u017eni put za obitelji, na koji&lt;a class=&quot;moretag&quot; href=&quot;https:\/\/ekosspiritus.hr\/index.php\/2017\/04\/09\/dogodilo-se-obiteljski-krizni-put\/&quot;&gt;Read More...&lt;\/a&gt;<\/div><div class=\"tx-meta\"><span class=\"tx-author\">By : <a href=\"https:\/\/ekosspiritus.hr\/index.php\/author\/katarina\/\">Katarina Pucar<\/a><\/span><span class=\"tx-date\"> | Apr 9, 2017<\/span><\/div><\/div><\/div><\/div><div class=\"tx-blog-item tx-post-col-2\"><div class=\"tx-border-box\"><div class=\"tx-blog-img\"><a href=\"https:\/\/ekosspiritus.hr\/wp-content\/uploads\/2016\/04\/misa-2-travnja.jpg\" class=\"tx-colorbox\"><img decoding=\"async\" src=\"https:\/\/ekosspiritus.hr\/wp-content\/uploads\/2016\/04\/misa-2-travnja-600x360.jpg\" alt=\"\" class=\"blog-image\" \/><\/a><span class=\"tx-post-comm\"><span>0<\/span><\/span><\/div><div class=\"tx-post-content\"><h3 class=\"tx-post-title\"><a href=\"https:\/\/ekosspiritus.hr\/index.php\/2016\/04\/03\/odrzan-obiteljski-put-svjetla\/\">Odr\u017ean Obiteljski put svjetla<\/a><\/h3><div style=\"height: 16px;\"><\/div><div class=\"tx-blog-content\">U Samoborskom gorju odr\u017ean je u subotu 2. travnja 2016. godine obiteljski planinarski put svjetla. To je jedan u nizu takvih susreta koji se odr\u017eavaju neposredno nakon Uskrsa ve\u0107 nekoliko godina zaredom.&lt;a class=&quot;moretag&quot; href=&quot;https:\/\/ekosspiritus.hr\/index.php\/2016\/04\/03\/odrzan-obiteljski-put-svjetla\/&quot;&gt;Read More...&lt;\/a&gt;<\/div><div class=\"tx-meta\"><span class=\"tx-author\">By : <a href=\"https:\/\/ekosspiritus.hr\/index.php\/author\/katarina\/\">Katarina Pucar<\/a><\/span><span class=\"tx-date\"> | Apr 3, 2016<\/span><\/div><\/div><\/div><\/div><div class=\"tx-blog-item tx-post-col-2\"><div class=\"tx-border-box\"><div class=\"tx-blog-img\"><a href=\"https:\/\/ekosspiritus.hr\/wp-content\/uploads\/2015\/12\/obtpkp.jpg\" class=\"tx-colorbox\"><img decoding=\"async\" src=\"https:\/\/ekosspiritus.hr\/wp-content\/uploads\/2015\/12\/obtpkp-600x360.jpg\" alt=\"\" class=\"blog-image\" \/><\/a><span class=\"tx-post-comm\"><span>0<\/span><\/span><\/div><div class=\"tx-post-content\"><h3 class=\"tx-post-title\"><a href=\"https:\/\/ekosspiritus.hr\/index.php\/2015\/04\/11\/dogodilo-se-obiteljski-pkp-svjetla\/\">DOGODILO SE: Obiteljski PKP svjetla<\/a><\/h3><div style=\"height: 16px;\"><\/div><div class=\"tx-blog-content\">U organizaciji udruge Ekosspiritus odr\u017ean je u subotu 11. travnja 2015. godine obiteljski planinarski put svjetla po Samoborskom gorju. Pobo\u017enost je to koja je nastala na tradiciji Planinarskih kri\u017enih putova koji su&lt;a class=&quot;moretag&quot; href=&quot;https:\/\/ekosspiritus.hr\/index.php\/2015\/04\/11\/dogodilo-se-obiteljski-pkp-svjetla\/&quot;&gt;Read More...&lt;\/a&gt;<\/div><div class=\"tx-meta\"><span class=\"tx-author\">By : <a href=\"https:\/\/ekosspiritus.hr\/index.php\/author\/admin\/\">admin<\/a><\/span><span class=\"tx-date\"> | Apr 11, 2015<\/span><\/div><\/div><\/div><\/div><\/div><div class=\"nx-paging\"><div class=\"nx-paging-inner\"><\/div><\/div>\n","protected":false},"excerpt":{"rendered":"","protected":false},"author":1,"featured_media":0,"parent":303,"menu_order":0,"comment_status":"closed","ping_status":"closed","template":"","meta":{"footnotes":""},"class_list":["post-306","page","type-page","status-publish","hentry"],"_links":{"self":[{"href":"https:\/\/ekosspiritus.hr\/index.php\/wp-json\/wp\/v2\/pages\/306","targetHints":{"allow":["GET"]}}],"collection":[{"href":"https:\/\/ekosspiritus.hr\/index.php\/wp-json\/wp\/v2\/pages"}],"about":[{"href":"https:\/\/ekosspiritus.hr\/index.php\/wp-json\/wp\/v2\/types\/page"}],"author":[{"embeddable":true,"href":"https:\/\/ekosspiritus.hr\/index.php\/wp-json\/wp\/v2\/users\/1"}],"replies":[{"embeddable":true,"href":"https:\/\/ekosspiritus.hr\/index.php\/wp-json\/wp\/v2\/comments?post=306"}],"version-history":[{"count":1,"href":"https:\/\/ekosspiritus.hr\/index.php\/wp-json\/wp\/v2\/pages\/306\/revisions"}],"predecessor-version":[{"id":307,"href":"https:\/\/ekosspiritus.hr\/index.php\/wp-json\/wp\/v2\/pages\/306\/revisions\/307"}],"up":[{"embeddable":true,"href":"https:\/\/ekosspiritus.hr\/index.php\/wp-json\/wp\/v2\/pages\/303"}],"wp:attachment":[{"href":"https:\/\/ekosspiritus.hr\/index.php\/wp-json\/wp\/v2\/media?parent=306"}],"curies":[{"name":"wp","href":"https:\/\/api.w.org\/{rel}","templated":true}]}}