{"id":313,"date":"2015-12-18T14:09:36","date_gmt":"2015-12-18T14:09:36","guid":{"rendered":"http:\/\/ekosspiritus.hr\/?page_id=313"},"modified":"2015-12-18T14:11:14","modified_gmt":"2015-12-18T14:11:14","slug":"kako-doci-do-cerine","status":"publish","type":"page","link":"https:\/\/ekosspiritus.hr\/index.php\/kako-doci-do-cerine\/","title":{"rendered":"Kako do\u0107i do Cerine"},"content":{"rendered":"<p>Za lak\u0161e snala\u017eenje ovdje imate detaljne upute<\/p>\n<p><a href=\"http:\/\/ekosspiritus.hr\/wp-content\/uploads\/2015\/12\/upute-cerina.jpg\" rel=\"attachment wp-att-314\"><img loading=\"lazy\" decoding=\"async\" class=\"aligncenter size-full wp-image-314\" src=\"http:\/\/ekosspiritus.hr\/wp-content\/uploads\/2015\/12\/upute-cerina.jpg\" alt=\"upute cerina\" width=\"1891\" height=\"1277\" srcset=\"https:\/\/ekosspiritus.hr\/wp-content\/uploads\/2015\/12\/upute-cerina.jpg 1891w, https:\/\/ekosspiritus.hr\/wp-content\/uploads\/2015\/12\/upute-cerina-300x203.jpg 300w, https:\/\/ekosspiritus.hr\/wp-content\/uploads\/2015\/12\/upute-cerina-768x519.jpg 768w, https:\/\/ekosspiritus.hr\/wp-content\/uploads\/2015\/12\/upute-cerina-1024x692.jpg 1024w\" sizes=\"auto, (max-width: 1891px) 100vw, 1891px\" \/><\/a><\/p>\n","protected":false},"excerpt":{"rendered":"<p>Za lak\u0161e snala\u017eenje ovdje imate detaljne upute<\/p>\n","protected":false},"author":1,"featured_media":0,"parent":0,"menu_order":0,"comment_status":"closed","ping_status":"closed","template":"","meta":{"footnotes":""},"class_list":["post-313","page","type-page","status-publish","hentry"],"_links":{"self":[{"href":"https:\/\/ekosspiritus.hr\/index.php\/wp-json\/wp\/v2\/pages\/313","targetHints":{"allow":["GET"]}}],"collection":[{"href":"https:\/\/ekosspiritus.hr\/index.php\/wp-json\/wp\/v2\/pages"}],"about":[{"href":"https:\/\/ekosspiritus.hr\/index.php\/wp-json\/wp\/v2\/types\/page"}],"author":[{"embeddable":true,"href":"https:\/\/ekosspiritus.hr\/index.php\/wp-json\/wp\/v2\/users\/1"}],"replies":[{"embeddable":true,"href":"https:\/\/ekosspiritus.hr\/index.php\/wp-json\/wp\/v2\/comments?post=313"}],"version-history":[{"count":1,"href":"https:\/\/ekosspiritus.hr\/index.php\/wp-json\/wp\/v2\/pages\/313\/revisions"}],"predecessor-version":[{"id":315,"href":"https:\/\/ekosspiritus.hr\/index.php\/wp-json\/wp\/v2\/pages\/313\/revisions\/315"}],"wp:attachment":[{"href":"https:\/\/ekosspiritus.hr\/index.php\/wp-json\/wp\/v2\/media?parent=313"}],"curies":[{"name":"wp","href":"https:\/\/api.w.org\/{rel}","templated":true}]}}