{"id":323,"date":"2015-12-21T13:20:27","date_gmt":"2015-12-21T13:20:27","guid":{"rendered":"http:\/\/ekosspiritus.hr\/?page_id=323"},"modified":"2015-12-21T13:27:36","modified_gmt":"2015-12-21T13:27:36","slug":"sv-bernard","status":"publish","type":"page","link":"https:\/\/ekosspiritus.hr\/index.php\/sveci-zastitnici\/sv-bernard\/","title":{"rendered":"Sv. Bernard"},"content":{"rendered":"<p>Ro\u0111en je u 11. stolje\u0107u u plemi\u0107koj obitelji na sjeveru Italije, u gradi\u0107u Novaro u podno\u017eju Alpi. To ga je vrlo brzo okrenulo velikoj duhovnosti koju skriva planina, te na glasu kao izrazito pobo\u017ean mladi\u0107, postaje sve\u0107enik. Bio je nadahnuti propovjednik, pomagao siroma\u0161nima i pokazao posebnu karizmu brinu\u0107i za putnike koji su prelazili Alpe, za koje je jako dobro znao kakve opasnosti i izazove kriju. Na prijelazu Monte Giove dao je sagraditi dva Gostinjca \u2013 planinarska uto\u010di\u0161ta za planinare: Grande San Bernardo &#8211; bli\u017ee Aosti i Piccolo San Benardo &#8211; na talijansko &#8211; francusko &#8211; \u0161vicarskoj granici. Na tim mjestima do dana\u0161njega dana \u017eive i djeluju redovnici po geslu: \u201eOvdje se Krist slavi, ovdje se Krist hrani\u201c. Cilj je pru\u017eiti uto\u010di\u0161te, okrepu i za\u0161titu svakom putniku koji pro\u0111e tim opasnim putem.<br \/>\nUmro je krajem stolje\u0107a, a njegove mo\u0107i se danas \u010duvaju u novarskoj katedrali. Smatra se za\u0161titnikom planina, planinara, te svih koji zalaze, prolaze ili borave u planini.<\/p>\n","protected":false},"excerpt":{"rendered":"<p>Ro\u0111en je u 11. stolje\u0107u u plemi\u0107koj obitelji na sjeveru Italije, u gradi\u0107u Novaro u podno\u017eju Alpi. To ga je vrlo brzo okrenulo velikoj duhovnosti koju skriva planina, te na glasu kao<a class=\"moretag\" href=\"https:\/\/ekosspiritus.hr\/index.php\/sveci-zastitnici\/sv-bernard\/\">Read More&#8230;<\/a><\/p>\n","protected":false},"author":1,"featured_media":327,"parent":319,"menu_order":0,"comment_status":"closed","ping_status":"closed","template":"","meta":{"footnotes":""},"class_list":["post-323","page","type-page","status-publish","has-post-thumbnail","hentry"],"_links":{"self":[{"href":"https:\/\/ekosspiritus.hr\/index.php\/wp-json\/wp\/v2\/pages\/323","targetHints":{"allow":["GET"]}}],"collection":[{"href":"https:\/\/ekosspiritus.hr\/index.php\/wp-json\/wp\/v2\/pages"}],"about":[{"href":"https:\/\/ekosspiritus.hr\/index.php\/wp-json\/wp\/v2\/types\/page"}],"author":[{"embeddable":true,"href":"https:\/\/ekosspiritus.hr\/index.php\/wp-json\/wp\/v2\/users\/1"}],"replies":[{"embeddable":true,"href":"https:\/\/ekosspiritus.hr\/index.php\/wp-json\/wp\/v2\/comments?post=323"}],"version-history":[{"count":1,"href":"https:\/\/ekosspiritus.hr\/index.php\/wp-json\/wp\/v2\/pages\/323\/revisions"}],"predecessor-version":[{"id":324,"href":"https:\/\/ekosspiritus.hr\/index.php\/wp-json\/wp\/v2\/pages\/323\/revisions\/324"}],"up":[{"embeddable":true,"href":"https:\/\/ekosspiritus.hr\/index.php\/wp-json\/wp\/v2\/pages\/319"}],"wp:featuredmedia":[{"embeddable":true,"href":"https:\/\/ekosspiritus.hr\/index.php\/wp-json\/wp\/v2\/media\/327"}],"wp:attachment":[{"href":"https:\/\/ekosspiritus.hr\/index.php\/wp-json\/wp\/v2\/media?parent=323"}],"curies":[{"name":"wp","href":"https:\/\/api.w.org\/{rel}","templated":true}]}}