{"id":36,"date":"2015-07-05T13:30:32","date_gmt":"2015-07-05T13:30:32","guid":{"rendered":"http:\/\/ekosspiritus.hr\/?page_id=36"},"modified":"2015-11-30T19:14:59","modified_gmt":"2015-11-30T19:14:59","slug":"nastanak-udruge","status":"publish","type":"page","link":"https:\/\/ekosspiritus.hr\/index.php\/o-nama\/nastanak-udruge\/","title":{"rendered":"Nastanak udruge"},"content":{"rendered":"<p><a href=\"http:\/\/ekosspiritus.hr\/wp-content\/uploads\/2015\/07\/o-nama1.jpg\"><img loading=\"lazy\" decoding=\"async\" class=\"size-full wp-image-60 aligncenter\" src=\"http:\/\/ekosspiritus.hr\/wp-content\/uploads\/2015\/07\/o-nama1.jpg\" alt=\"o nama\" width=\"850\" height=\"300\" srcset=\"https:\/\/ekosspiritus.hr\/wp-content\/uploads\/2015\/07\/o-nama1.jpg 850w, https:\/\/ekosspiritus.hr\/wp-content\/uploads\/2015\/07\/o-nama1-300x106.jpg 300w\" sizes=\"auto, (max-width: 850px) 100vw, 850px\" \/><\/a><\/p>\n<p>Udruga Ekosspiritus osnovana je 2001. godine u Samoboru, kao rezultat dugogodi\u0161njih prijateljstava i dru\u017eenja, ali i promi\u0161ljanja o ulozi vjernika laika u Crkvi u Hrvata. Registrirana je kao udruga gra\u0111ana i postepeno po\u010dela okupljati sve ve\u0107i broj ljudi zainteresiranih da ulo\u017ee svoje vrijeme, talente i entuzijazam u sadr\u017eaje koji su bili u nastanku.<br \/>\nVe\u0107i broj suradnika do\u0161ao je nakon po\u010detka suradnje s Povjerenstvom za pastoral mladih, koje traje jo\u0161 i danas, a zatim i osnivanjem dru\u0161tava unutar udruge koja su privukla ljude specifi\u010dnih interesa. Veliki korak naprijed do\u0161ao je i s ulaskom udruge u prostore budu\u0107eg duhovnog centra na Cerini, \u0161to je svim sadr\u017eajima dalo centralno mjesto.<br \/>\nUpravno tijelo udruge mo\u017ee brojati do 15 osoba (trenuta\u010dno nisu popunjena sva mjesta), a ostalo \u010dlanstvo se, prema vlastitim interesima, raspore\u0111uje i, stalno ili povremeno, uklju\u010duje u sadr\u017eaje jednog od tri podru\u010dja kojima se udruga bavi:<\/p>\n<p>1) planinarski tim<br \/>\n2) duhovni tim<br \/>\n3) eko \u2013 etno tim<\/p>\n","protected":false},"excerpt":{"rendered":"<p>Udruga Ekosspiritus osnovana je 2001. godine u Samoboru, kao rezultat dugogodi\u0161njih prijateljstava i dru\u017eenja, ali i promi\u0161ljanja o ulozi vjernika laika u Crkvi u Hrvata. Registrirana je kao udruga gra\u0111ana i postepeno<a class=\"moretag\" href=\"https:\/\/ekosspiritus.hr\/index.php\/o-nama\/nastanak-udruge\/\">Read More&#8230;<\/a><\/p>\n","protected":false},"author":1,"featured_media":0,"parent":6,"menu_order":1,"comment_status":"closed","ping_status":"closed","template":"","meta":{"footnotes":""},"class_list":["post-36","page","type-page","status-publish","hentry"],"_links":{"self":[{"href":"https:\/\/ekosspiritus.hr\/index.php\/wp-json\/wp\/v2\/pages\/36","targetHints":{"allow":["GET"]}}],"collection":[{"href":"https:\/\/ekosspiritus.hr\/index.php\/wp-json\/wp\/v2\/pages"}],"about":[{"href":"https:\/\/ekosspiritus.hr\/index.php\/wp-json\/wp\/v2\/types\/page"}],"author":[{"embeddable":true,"href":"https:\/\/ekosspiritus.hr\/index.php\/wp-json\/wp\/v2\/users\/1"}],"replies":[{"embeddable":true,"href":"https:\/\/ekosspiritus.hr\/index.php\/wp-json\/wp\/v2\/comments?post=36"}],"version-history":[{"count":7,"href":"https:\/\/ekosspiritus.hr\/index.php\/wp-json\/wp\/v2\/pages\/36\/revisions"}],"predecessor-version":[{"id":85,"href":"https:\/\/ekosspiritus.hr\/index.php\/wp-json\/wp\/v2\/pages\/36\/revisions\/85"}],"up":[{"embeddable":true,"href":"https:\/\/ekosspiritus.hr\/index.php\/wp-json\/wp\/v2\/pages\/6"}],"wp:attachment":[{"href":"https:\/\/ekosspiritus.hr\/index.php\/wp-json\/wp\/v2\/media?parent=36"}],"curies":[{"name":"wp","href":"https:\/\/api.w.org\/{rel}","templated":true}]}}