{"id":397,"date":"2016-01-06T11:39:23","date_gmt":"2016-01-06T11:39:23","guid":{"rendered":"http:\/\/ekosspiritus.hr\/?page_id=397"},"modified":"2016-01-06T11:40:05","modified_gmt":"2016-01-06T11:40:05","slug":"dogadanja","status":"publish","type":"page","link":"https:\/\/ekosspiritus.hr\/index.php\/cerina\/dogadanja\/","title":{"rendered":"Doga\u0111anja"},"content":{"rendered":"<div class=\"tx-blog tx-post-row tx-masonry\"><div class=\"tx-blog-item tx-post-col-2\"><div class=\"tx-border-box\"><div class=\"tx-blog-img\"><a href=\"https:\/\/ekosspiritus.hr\/wp-content\/uploads\/2018\/05\/likovna-kolonija-na-Cerini.jpg\" class=\"tx-colorbox\"><img decoding=\"async\" src=\"https:\/\/ekosspiritus.hr\/wp-content\/uploads\/2018\/05\/likovna-kolonija-na-Cerini-600x360.jpg\" alt=\"\" class=\"blog-image\" \/><\/a><span class=\"tx-post-comm\"><span>0<\/span><\/span><\/div><div class=\"tx-post-content\"><h3 class=\"tx-post-title\"><a href=\"https:\/\/ekosspiritus.hr\/index.php\/2018\/05\/21\/dogodilo-se-likovna-kolonija-na-cerini\/\">DOGODILO SE: Likovna kolonija na Cerini<\/a><\/h3><div style=\"height: 16px;\"><\/div><div class=\"tx-blog-content\">Likovna kolonija na Cerini U subotu 19.svibnja 2018. odr\u017eana je likovna kolonija na Cerini, a sudjelovali su slikari Likovnog odjela Ogranka Matice Hrvatske iz Samobora. Snje\u017eana Zakanj pokreta\u010d je I nositelj aktivnosti&lt;a class=&quot;moretag&quot; href=&quot;https:\/\/ekosspiritus.hr\/index.php\/2018\/05\/21\/dogodilo-se-likovna-kolonija-na-cerini\/&quot;&gt;Read More...&lt;\/a&gt;<\/div><div class=\"tx-meta\"><span class=\"tx-author\">By : <a href=\"https:\/\/ekosspiritus.hr\/index.php\/author\/katarina\/\">Katarina Pucar<\/a><\/span><span class=\"tx-date\"> | May 21, 2018<\/span><\/div><\/div><\/div><\/div><div class=\"tx-blog-item tx-post-col-2\"><div class=\"tx-border-box\"><div class=\"tx-blog-img\"><a href=\"https:\/\/ekosspiritus.hr\/wp-content\/uploads\/2018\/04\/Na-zavr\u0161etku-mise.jpg\" class=\"tx-colorbox\"><img decoding=\"async\" src=\"https:\/\/ekosspiritus.hr\/wp-content\/uploads\/2018\/04\/Na-zavr\u0161etku-mise-600x360.jpg\" alt=\"\" class=\"blog-image\" \/><\/a><span class=\"tx-post-comm\"><span>0<\/span><\/span><\/div><div class=\"tx-post-content\"><h3 class=\"tx-post-title\"><a href=\"https:\/\/ekosspiritus.hr\/index.php\/2018\/04\/30\/odrzan-put-svjetla-i-blagoslov-obnovljenog-raspela-na-cerini\/\">Odr\u017ean Put svjetla i blagoslov obnovljenog raspela na Cerini<\/a><\/h3><div style=\"height: 16px;\"><\/div><div class=\"tx-blog-content\">Odr\u017ean Put svjetla i blagoslov obnovljenog raspela na Cerini U Samoborskom gorju odr\u017ean je u subotu 28. travnja 2018. Put svjetla Obiteljske zajednice udruge Ekosspiritus. Kr\u0161\u0107anski je \u017eivot duboko obilje\u017een vazmenim otajstvom&lt;a class=&quot;moretag&quot; href=&quot;https:\/\/ekosspiritus.hr\/index.php\/2018\/04\/30\/odrzan-put-svjetla-i-blagoslov-obnovljenog-raspela-na-cerini\/&quot;&gt;Read More...&lt;\/a&gt;<\/div><div class=\"tx-meta\"><span class=\"tx-author\">By : <a href=\"https:\/\/ekosspiritus.hr\/index.php\/author\/katarina\/\">Katarina Pucar<\/a><\/span><span class=\"tx-date\"> | Apr 30, 2018<\/span><\/div><\/div><\/div><\/div><div class=\"tx-blog-item tx-post-col-2\"><div class=\"tx-border-box\"><div class=\"tx-blog-img\"><a href=\"https:\/\/ekosspiritus.hr\/wp-content\/uploads\/2018\/01\/20180120_132824-Copy.jpg\" class=\"tx-colorbox\"><img decoding=\"async\" src=\"https:\/\/ekosspiritus.hr\/wp-content\/uploads\/2018\/01\/20180120_132824-Copy-600x360.jpg\" alt=\"\" class=\"blog-image\" \/><\/a><span class=\"tx-post-comm\"><span>0<\/span><\/span><\/div><div class=\"tx-post-content\"><h3 class=\"tx-post-title\"><a href=\"https:\/\/ekosspiritus.hr\/index.php\/2018\/01\/20\/odrzana-godisnja-skupstina-udruge-ekosspiritus-2\/\">ODR\u017dANA GODI\u0160NJA SKUP\u0160TINA udruge Ekosspiritus<\/a><\/h3><div style=\"height: 16px;\"><\/div><div class=\"tx-blog-content\">U subotu 20. sije\u010dnja 2018. godine odr\u017eana je godi\u0161nja predstavni\u010dka skup\u0161tina udruge Ekosspiritus. Okupili smo se na Cerini i zapo\u010deli rad s jutarnjom molitvom \u010casoslova tra\u017ee\u0107i Bo\u017eju pomo\u0107 i vodstvo na va\u017enom&lt;a class=&quot;moretag&quot; href=&quot;https:\/\/ekosspiritus.hr\/index.php\/2018\/01\/20\/odrzana-godisnja-skupstina-udruge-ekosspiritus-2\/&quot;&gt;Read More...&lt;\/a&gt;<\/div><div class=\"tx-meta\"><span class=\"tx-author\">By : <a href=\"https:\/\/ekosspiritus.hr\/index.php\/author\/katarina\/\">Katarina Pucar<\/a><\/span><span class=\"tx-date\"> | Jan 20, 2018<\/span><\/div><\/div><\/div><\/div><div class=\"tx-blog-item tx-post-col-2\"><div class=\"tx-border-box\"><div class=\"tx-blog-img\"><a href=\"https:\/\/ekosspiritus.hr\/wp-content\/uploads\/2018\/01\/fa\u0161ni\u010dke-maske-krase-zidove-planinarskog-doma.jpg\" class=\"tx-colorbox\"><img decoding=\"async\" src=\"https:\/\/ekosspiritus.hr\/wp-content\/uploads\/2018\/01\/fa\u0161ni\u010dke-maske-krase-zidove-planinarskog-doma-600x360.jpg\" alt=\"\" class=\"blog-image\" \/><\/a><span class=\"tx-post-comm\"><span>0<\/span><\/span><\/div><div class=\"tx-post-content\"><h3 class=\"tx-post-title\"><a href=\"https:\/\/ekosspiritus.hr\/index.php\/2018\/01\/20\/otvorena-izlozba-fasnickih-maski\/\">OTVORENA IZLO\u017dBA Fa\u0161ni\u010dkih maski<\/a><\/h3><div style=\"height: 16px;\"><\/div><div class=\"tx-blog-content\">Otvorena Izlo\u017eba fa\u0161ni\u010dkih maski u Planinarskom domu Cerinski vir u Samoborskom gorju U subotu 20. sije\u010dnja 2018. otvorena je izlo\u017eba fa\u0161ni\u010dkih maski autorice Lidije Momi\u0107, \u010dlanice Dru\u0161tva sv. Izidora Seljaka udruge Ekosspiritus.&lt;a class=&quot;moretag&quot; href=&quot;https:\/\/ekosspiritus.hr\/index.php\/2018\/01\/20\/otvorena-izlozba-fasnickih-maski\/&quot;&gt;Read More...&lt;\/a&gt;<\/div><div class=\"tx-meta\"><span class=\"tx-author\">By : <a href=\"https:\/\/ekosspiritus.hr\/index.php\/author\/katarina\/\">Katarina Pucar<\/a><\/span><span class=\"tx-date\"> | Jan 20, 2018<\/span><\/div><\/div><\/div><\/div><\/div><div class=\"nx-paging\"><div class=\"nx-paging-inner\"><span aria-current=\"page\" class=\"page-numbers current\">1<\/span>\n<a class=\"page-numbers\" href=\"https:\/\/ekosspiritus.hr\/index.php\/wp-json\/wp\/v2\/pages\/397\/page\/2\/\">2<\/a>\n<a class=\"page-numbers\" href=\"https:\/\/ekosspiritus.hr\/index.php\/wp-json\/wp\/v2\/pages\/397\/page\/3\/\">3<\/a>\n<span class=\"page-numbers dots\">&hellip;<\/span>\n<a class=\"page-numbers\" href=\"https:\/\/ekosspiritus.hr\/index.php\/wp-json\/wp\/v2\/pages\/397\/page\/6\/\">6<\/a>\n<a class=\"next page-numbers\" href=\"https:\/\/ekosspiritus.hr\/index.php\/wp-json\/wp\/v2\/pages\/397\/page\/2\/\">&raquo;<\/a><\/div><\/div>\n","protected":false},"excerpt":{"rendered":"","protected":false},"author":1,"featured_media":0,"parent":16,"menu_order":0,"comment_status":"closed","ping_status":"closed","template":"","meta":{"footnotes":""},"class_list":["post-397","page","type-page","status-publish","hentry"],"_links":{"self":[{"href":"https:\/\/ekosspiritus.hr\/index.php\/wp-json\/wp\/v2\/pages\/397","targetHints":{"allow":["GET"]}}],"collection":[{"href":"https:\/\/ekosspiritus.hr\/index.php\/wp-json\/wp\/v2\/pages"}],"about":[{"href":"https:\/\/ekosspiritus.hr\/index.php\/wp-json\/wp\/v2\/types\/page"}],"author":[{"embeddable":true,"href":"https:\/\/ekosspiritus.hr\/index.php\/wp-json\/wp\/v2\/users\/1"}],"replies":[{"embeddable":true,"href":"https:\/\/ekosspiritus.hr\/index.php\/wp-json\/wp\/v2\/comments?post=397"}],"version-history":[{"count":2,"href":"https:\/\/ekosspiritus.hr\/index.php\/wp-json\/wp\/v2\/pages\/397\/revisions"}],"predecessor-version":[{"id":399,"href":"https:\/\/ekosspiritus.hr\/index.php\/wp-json\/wp\/v2\/pages\/397\/revisions\/399"}],"up":[{"embeddable":true,"href":"https:\/\/ekosspiritus.hr\/index.php\/wp-json\/wp\/v2\/pages\/16"}],"wp:attachment":[{"href":"https:\/\/ekosspiritus.hr\/index.php\/wp-json\/wp\/v2\/media?parent=397"}],"curies":[{"name":"wp","href":"https:\/\/api.w.org\/{rel}","templated":true}]}}