{"id":40,"date":"2015-07-05T13:32:27","date_gmt":"2015-07-05T13:32:27","guid":{"rendered":"http:\/\/ekosspiritus.hr\/?page_id=40"},"modified":"2015-11-30T19:16:02","modified_gmt":"2015-11-30T19:16:02","slug":"planinarski-tim","status":"publish","type":"page","link":"https:\/\/ekosspiritus.hr\/index.php\/o-nama\/planinarski-tim\/","title":{"rendered":"Planinarski tim"},"content":{"rendered":"<p>Od samoga po\u010detka bilo nam je va\u017eno povezivati fizi\u010dku aktivnost i kretanje uz duhovnost koja se nalazi u planinama, u miru i ti\u0161ini prirode. Jedan od prvih projekata kojemu se udruga posvetila i stavila naglasak na ba\u0161 te vrednote, bio je Planinarski kri\u017eni put, iz kojega je kasnije nastao i Obiteljski kri\u017eni put. Generacije mladih odraslih na ovoj pobo\u017enosti pokazuju da se radilo o velikoj revoluciji u Crkvi u Hrvata.<\/p>\n<p>Planinarske sadr\u017eaje je svakako obogatilo i osnivanje planinarskog dru\u0161tva Sv. Patrika koje je 2004. godine postalo punopravan \u010dlan Hrvatskog planinarskog saveza i od tada svojim \u010dlanovima nudi mnogobrojne izlete i kampiranja, uz redovite duhovne sadr\u017eaje.<\/p>\n<p>Kao tre\u0107i va\u017eni trenutak u planinarskom timu mora se istaknuti poticanje zdravog domoljublja i upoznavanje vlastite Domovine. Kroz vi\u0161e sadr\u017eaja i aktivnosti (Lijepa li si&#8230; Nacionalnim parkovima&#8230; Hrvatska kakvu ne poznajemo&#8230; Ljetni kampovi), posje\u0107uju\u0107i razne dijelove Lijepe na\u0161e, susre\u0107u\u0107i ljude i krajeve, ponavljamo geslo: \u201eupoznajemo da bi voljeli\u201c.<\/p>\n","protected":false},"excerpt":{"rendered":"<p>Od samoga po\u010detka bilo nam je va\u017eno povezivati fizi\u010dku aktivnost i kretanje uz duhovnost koja se nalazi u planinama, u miru i ti\u0161ini prirode. Jedan od prvih projekata kojemu se udruga posvetila<a class=\"moretag\" href=\"https:\/\/ekosspiritus.hr\/index.php\/o-nama\/planinarski-tim\/\">Read More&#8230;<\/a><\/p>\n","protected":false},"author":1,"featured_media":0,"parent":6,"menu_order":3,"comment_status":"closed","ping_status":"closed","template":"","meta":{"footnotes":""},"class_list":["post-40","page","type-page","status-publish","hentry"],"_links":{"self":[{"href":"https:\/\/ekosspiritus.hr\/index.php\/wp-json\/wp\/v2\/pages\/40","targetHints":{"allow":["GET"]}}],"collection":[{"href":"https:\/\/ekosspiritus.hr\/index.php\/wp-json\/wp\/v2\/pages"}],"about":[{"href":"https:\/\/ekosspiritus.hr\/index.php\/wp-json\/wp\/v2\/types\/page"}],"author":[{"embeddable":true,"href":"https:\/\/ekosspiritus.hr\/index.php\/wp-json\/wp\/v2\/users\/1"}],"replies":[{"embeddable":true,"href":"https:\/\/ekosspiritus.hr\/index.php\/wp-json\/wp\/v2\/comments?post=40"}],"version-history":[{"count":2,"href":"https:\/\/ekosspiritus.hr\/index.php\/wp-json\/wp\/v2\/pages\/40\/revisions"}],"predecessor-version":[{"id":67,"href":"https:\/\/ekosspiritus.hr\/index.php\/wp-json\/wp\/v2\/pages\/40\/revisions\/67"}],"up":[{"embeddable":true,"href":"https:\/\/ekosspiritus.hr\/index.php\/wp-json\/wp\/v2\/pages\/6"}],"wp:attachment":[{"href":"https:\/\/ekosspiritus.hr\/index.php\/wp-json\/wp\/v2\/media?parent=40"}],"curies":[{"name":"wp","href":"https:\/\/api.w.org\/{rel}","templated":true}]}}