{"id":42,"date":"2015-07-05T13:32:49","date_gmt":"2015-07-05T13:32:49","guid":{"rendered":"http:\/\/ekosspiritus.hr\/?page_id=42"},"modified":"2015-11-30T19:16:15","modified_gmt":"2015-11-30T19:16:15","slug":"duhovni-tim","status":"publish","type":"page","link":"https:\/\/ekosspiritus.hr\/index.php\/o-nama\/duhovni-tim\/","title":{"rendered":"Duhovni tim"},"content":{"rendered":"<p>Okupljaju\u0107i u svojim redovima veliki broj teologa i kateheta, logi\u010dan korak je bio njihovo organiziranje da bi zajedni\u010dkim radom obogatili ponudu na katehetskom polju u na\u0161oj zemlji. S vremenom je nastala bogata izdava\u010dka djelatnost same udruge, ali i uspje\u0161na suradnja na izradi kateheza za Nacionalne susrete mladih (\u0160ibenik), Susrete animatora u Malom Lo\u0161inju, Kamp na Modravama, te brojne aktivnosti na \u017eupnim, dekanatskim i biskupijskim razinama.<\/p>\n<p>Uz to, \u010dlanovi tima se brinu za duhovne sadr\u017eaje na gotovo svim projektima udruge \u2013 na prvom mjestu Planinarskom kri\u017enom putu i Obiteljskom kri\u017enom putu, ali i ve\u0107ini ostalih. Unutar tima djeluje Zajednica planinarskih kri\u017enih puteva koja je podr\u0161ka tom velikom i zahtjevnom projektu.<\/p>\n<p>U planu su i radionice duhovnih sadr\u017eaja koje \u0107e se odr\u017eavati u duhovnom centru na Cerini, gdje \u0107e grupe i pojedinci mo\u0107i dolaziti na jedan ili vi\u0161e dana i obogatiti se svime \u0161to \u0107e im katehete i Gospodin Bog na tom mjestu darovati.<\/p>\n","protected":false},"excerpt":{"rendered":"<p>Okupljaju\u0107i u svojim redovima veliki broj teologa i kateheta, logi\u010dan korak je bio njihovo organiziranje da bi zajedni\u010dkim radom obogatili ponudu na katehetskom polju u na\u0161oj zemlji. S vremenom je nastala bogata<a class=\"moretag\" href=\"https:\/\/ekosspiritus.hr\/index.php\/o-nama\/duhovni-tim\/\">Read More&#8230;<\/a><\/p>\n","protected":false},"author":1,"featured_media":0,"parent":6,"menu_order":4,"comment_status":"closed","ping_status":"closed","template":"","meta":{"footnotes":""},"class_list":["post-42","page","type-page","status-publish","hentry"],"_links":{"self":[{"href":"https:\/\/ekosspiritus.hr\/index.php\/wp-json\/wp\/v2\/pages\/42","targetHints":{"allow":["GET"]}}],"collection":[{"href":"https:\/\/ekosspiritus.hr\/index.php\/wp-json\/wp\/v2\/pages"}],"about":[{"href":"https:\/\/ekosspiritus.hr\/index.php\/wp-json\/wp\/v2\/types\/page"}],"author":[{"embeddable":true,"href":"https:\/\/ekosspiritus.hr\/index.php\/wp-json\/wp\/v2\/users\/1"}],"replies":[{"embeddable":true,"href":"https:\/\/ekosspiritus.hr\/index.php\/wp-json\/wp\/v2\/comments?post=42"}],"version-history":[{"count":2,"href":"https:\/\/ekosspiritus.hr\/index.php\/wp-json\/wp\/v2\/pages\/42\/revisions"}],"predecessor-version":[{"id":70,"href":"https:\/\/ekosspiritus.hr\/index.php\/wp-json\/wp\/v2\/pages\/42\/revisions\/70"}],"up":[{"embeddable":true,"href":"https:\/\/ekosspiritus.hr\/index.php\/wp-json\/wp\/v2\/pages\/6"}],"wp:attachment":[{"href":"https:\/\/ekosspiritus.hr\/index.php\/wp-json\/wp\/v2\/media?parent=42"}],"curies":[{"name":"wp","href":"https:\/\/api.w.org\/{rel}","templated":true}]}}