{"id":6,"date":"2015-07-05T10:52:28","date_gmt":"2015-07-05T10:52:28","guid":{"rendered":"http:\/\/ekosspiritus.hr\/?page_id=6"},"modified":"2023-10-04T07:37:25","modified_gmt":"2023-10-04T07:37:25","slug":"o-nama","status":"publish","type":"page","link":"https:\/\/ekosspiritus.hr\/index.php\/o-nama\/","title":{"rendered":"O nama"},"content":{"rendered":"<p><a href=\"http:\/\/ekosspiritus.hr\/wp-content\/uploads\/2015\/07\/o-nama-2.jpg\"><img loading=\"lazy\" decoding=\"async\" class=\"aligncenter size-full wp-image-125\" src=\"http:\/\/ekosspiritus.hr\/wp-content\/uploads\/2015\/07\/o-nama-2.jpg\" alt=\"\" width=\"900\" height=\"300\" srcset=\"https:\/\/ekosspiritus.hr\/wp-content\/uploads\/2015\/07\/o-nama-2.jpg 900w, https:\/\/ekosspiritus.hr\/wp-content\/uploads\/2015\/07\/o-nama-2-300x100.jpg 300w\" sizes=\"auto, (max-width: 900px) 100vw, 900px\" \/><\/a><\/p>\n<p>Udruga Ekosspiritus je udruga gra\u0111ana i vjenika laika koja osmi\u0161ljava, organizira, poti\u010de, vodi i sudjeluje u raznim aktivnostima planinarskog, duhovnog i eko \u2013 etno karaktera. Cilj je okupljati, trajno ili sporadi\u010dno, \u0161to ve\u0107i broj ljudi koji cijene prijateljstvo, zajedni\u0161tvo, duhovnost, tradiciju, domoljublje, prirodu i ekologiju.<br \/>\nKroz bogatstvo i raznolikost sadr\u017eaja \u017eelimo prepoznati i ispuniti barem dio potreba modernog \u010dovjeka dana\u0161njice, koji ne \u017eeli da ga stvarnost proguta i preuzme, \u017eelimo kod ljudi probuditi povjerenje i pozornost. Sve temelje\u0107i na komunikaciji i Evan\u0111elju nadamo se stvoriti priliku me\u0111usobnog nadahnu\u0107a, zajedni\u0161tva i kr\u0161\u0107anske ljubavi i prihva\u0107anja. Svjesni vlastitih ograni\u010denja pozivamo sve koji ne o\u010dekuju gotove plodove \u2013 ovdje \u010duvamo, sadimo i uzgajamo sjeme \u2013 da bi zajedni\u010dki u\u017eivali u plodovima koje budu\u0107nost nosi. Sve najljep\u0161e je tek pred nama!<\/p>\n<p>Dobro do\u0161li!<\/p>\n<p>UDRUGA EKOSSPIRITUS<br \/>\nAdresa : \u0160ipa\u010dki Breg, Cerina 61, Samobor 10430<br \/>\nOIB: 79594969668<br \/>\nMB: 1595563<br \/>\nIBAN HR8024020061101182067<br \/>\nE &#8211; mail ekosspiritus@gmail.com<br \/>\nWeb stranica www. ekosspiriuts.hr<br \/>\nTomislav Ivir, predsjednik, 099 337 6622<br \/>\nRadovan Libri\u0107, tajnik, 091 939 7554<\/p>\n","protected":false},"excerpt":{"rendered":"<p>Udruga Ekosspiritus je udruga gra\u0111ana i vjenika laika koja osmi\u0161ljava, organizira, poti\u010de, vodi i sudjeluje u raznim aktivnostima planinarskog, duhovnog i eko \u2013 etno karaktera. Cilj je okupljati, trajno ili sporadi\u010dno, \u0161to<a class=\"moretag\" href=\"https:\/\/ekosspiritus.hr\/index.php\/o-nama\/\">Read More&#8230;<\/a><\/p>\n","protected":false},"author":1,"featured_media":0,"parent":0,"menu_order":1,"comment_status":"closed","ping_status":"closed","template":"","meta":{"footnotes":""},"class_list":["post-6","page","type-page","status-publish","hentry"],"_links":{"self":[{"href":"https:\/\/ekosspiritus.hr\/index.php\/wp-json\/wp\/v2\/pages\/6","targetHints":{"allow":["GET"]}}],"collection":[{"href":"https:\/\/ekosspiritus.hr\/index.php\/wp-json\/wp\/v2\/pages"}],"about":[{"href":"https:\/\/ekosspiritus.hr\/index.php\/wp-json\/wp\/v2\/types\/page"}],"author":[{"embeddable":true,"href":"https:\/\/ekosspiritus.hr\/index.php\/wp-json\/wp\/v2\/users\/1"}],"replies":[{"embeddable":true,"href":"https:\/\/ekosspiritus.hr\/index.php\/wp-json\/wp\/v2\/comments?post=6"}],"version-history":[{"count":13,"href":"https:\/\/ekosspiritus.hr\/index.php\/wp-json\/wp\/v2\/pages\/6\/revisions"}],"predecessor-version":[{"id":1808,"href":"https:\/\/ekosspiritus.hr\/index.php\/wp-json\/wp\/v2\/pages\/6\/revisions\/1808"}],"wp:attachment":[{"href":"https:\/\/ekosspiritus.hr\/index.php\/wp-json\/wp\/v2\/media?parent=6"}],"curies":[{"name":"wp","href":"https:\/\/api.w.org\/{rel}","templated":true}]}}