{"id":79,"date":"2015-11-30T19:10:20","date_gmt":"2015-11-30T19:10:20","guid":{"rendered":"http:\/\/ekosspiritus.hr\/?page_id=79"},"modified":"2015-11-30T19:19:01","modified_gmt":"2015-11-30T19:19:01","slug":"zajednica-pkp-a","status":"publish","type":"page","link":"https:\/\/ekosspiritus.hr\/index.php\/planinarski-krizni-put\/pkp-za-mlade\/zajednica-pkp-a\/","title":{"rendered":"Zajednica PKP-a"},"content":{"rendered":"<p>Pokroviteljstvo pohoda Planinarskog kri\u017enog puta potpisuje Povjerenstvo za pastoral mladih, ali organizaciju vode laici. Zbog velikog broja sudionika i zahtjevnih dogovora koji se moraju obaviti uvijek unaprijed, prije svakog pohoda, udruga Ekosspiritus oformila je Zajednicu animatora planinarskih kri\u017enih putova. Radi se o ljudima koji su voditelji svoje zajednice i brinu se da svi budu na vrijeme obavije\u0161teni kamo \u0107e i kako pohod i\u0107i, kako se pravilno pripremiti i \u0161to ponijeti i sl. Voditelj zajednice prijavljuje broj mladih iz \u017eupe koji \u0107e sudjelovati, brine na prvoj postaji da dobiju svoje zajedni\u010dko obilje\u017eje i odgovoran je za pona\u0161anje grupe na pohodu, pogotovo tijekom no\u0107enja.<\/p>\n<p>Animatori su dobrovoljci, oni koji brinu da sve dobro funkcionira i koji ula\u017eu svoje vrijeme za op\u0107e dobro. Susre\u0107u se prije svakog pohoda i tada razmjenjuju savjete i ideje kako mogu bolje obavljati svoje du\u017enosti, ali i sudjeluju u oblikovanju kri\u017enog puta koji slijedi.<\/p>\n","protected":false},"excerpt":{"rendered":"<p>Pokroviteljstvo pohoda Planinarskog kri\u017enog puta potpisuje Povjerenstvo za pastoral mladih, ali organizaciju vode laici. Zbog velikog broja sudionika i zahtjevnih dogovora koji se moraju obaviti uvijek unaprijed, prije svakog pohoda, udruga Ekosspiritus<a class=\"moretag\" href=\"https:\/\/ekosspiritus.hr\/index.php\/planinarski-krizni-put\/pkp-za-mlade\/zajednica-pkp-a\/\">Read More&#8230;<\/a><\/p>\n","protected":false},"author":1,"featured_media":0,"parent":72,"menu_order":0,"comment_status":"closed","ping_status":"closed","template":"","meta":{"footnotes":""},"class_list":["post-79","page","type-page","status-publish","hentry"],"_links":{"self":[{"href":"https:\/\/ekosspiritus.hr\/index.php\/wp-json\/wp\/v2\/pages\/79","targetHints":{"allow":["GET"]}}],"collection":[{"href":"https:\/\/ekosspiritus.hr\/index.php\/wp-json\/wp\/v2\/pages"}],"about":[{"href":"https:\/\/ekosspiritus.hr\/index.php\/wp-json\/wp\/v2\/types\/page"}],"author":[{"embeddable":true,"href":"https:\/\/ekosspiritus.hr\/index.php\/wp-json\/wp\/v2\/users\/1"}],"replies":[{"embeddable":true,"href":"https:\/\/ekosspiritus.hr\/index.php\/wp-json\/wp\/v2\/comments?post=79"}],"version-history":[{"count":1,"href":"https:\/\/ekosspiritus.hr\/index.php\/wp-json\/wp\/v2\/pages\/79\/revisions"}],"predecessor-version":[{"id":80,"href":"https:\/\/ekosspiritus.hr\/index.php\/wp-json\/wp\/v2\/pages\/79\/revisions\/80"}],"up":[{"embeddable":true,"href":"https:\/\/ekosspiritus.hr\/index.php\/wp-json\/wp\/v2\/pages\/72"}],"wp:attachment":[{"href":"https:\/\/ekosspiritus.hr\/index.php\/wp-json\/wp\/v2\/media?parent=79"}],"curies":[{"name":"wp","href":"https:\/\/api.w.org\/{rel}","templated":true}]}}