{"id":8,"date":"2015-07-05T10:52:59","date_gmt":"2015-07-05T10:52:59","guid":{"rendered":"http:\/\/ekosspiritus.hr\/?page_id=8"},"modified":"2015-12-22T10:59:14","modified_gmt":"2015-12-22T10:59:14","slug":"planinarski-krizni-put","status":"publish","type":"page","link":"https:\/\/ekosspiritus.hr\/index.php\/planinarski-krizni-put\/","title":{"rendered":"Planinarski kri\u017eni put"},"content":{"rendered":"<p>Planinarski kri\u017eni put je pobo\u017enost za mlade i one koji se tako osje\u0107aju, ali su spremni prihvatiti neke uvjete koje ovaj projekt neminovno zahtijeva, te tako mo\u017eda i posti\u0107i ciljeve koje si uvijek iznova postavljamo:<\/p>\n<p>Planinarski kri\u017eni put pripremaju i vode vjernici laici, uz podr\u0161ku i sudjelovanje predstavnika Crkve. \u017delimo participirati u crkvenom duhovnom bogatstvu i Bo\u017eji blagoslov koji nam njegovi slu\u017ebenici prenose uklju\u010divati u svaki dio svoga \u017eivota.<br \/>\nPlaninarski kri\u017eni put nije tek obi\u010dan hod ili planinarenje, ve\u0107 susret ljudi koji \u017eele proslaviti Gospodina Isusa, a to \u0107e se ostvariti kroz molitvu, slu\u0161anje i razmi\u0161ljanje o Rije\u010di Bo\u017ejoj. \u017delimo napredovati u svom duhovnom \u017eivotu da bi tako postajali \u0161to bolji ljudi i vjernici.<br \/>\nPlaninarski kri\u017eni put kao svoje sredi\u0161nje zbivanje ima euharistije, a za njih se pripremamo kroz kateheze i meditacije kod postaja. \u017delimo potaknuti sudionike na ispovijed i pri\u010dest i tako ih ohrabriti za \u017eivot u suvremenom svijetu.<\/p>\n<p>Planinarski kri\u017eni put vas \u017eeli upoznati s Lijepom na\u0161om, ljudima i krajevima, \u017eivom Crkvom, da bi oboga\u0107eni tim iskustvom bili kvalitetniji dio i vlastite \u017eupne zajednice u koju se svi nezaobilazno \u017eelimo vratiti.<\/p>\n<p>Planinarski kri\u017eni put podrazumijeva se da \u0107ete biti spremni prihvatiti sve ono \u0161to nosi svaki kri\u017eni put: \u017euljeve, bol u nogama i le\u0111ima, tvrdi pod, mogu\u0107u ki\u0161u, blato, uspone\u2026 \u017delimo se u\u010diti strpljenju, poniznosti, toleranciji, te razvijati kondiciju i ljubav za sve mogu\u0107e nepredvidljive situacije.<\/p>\n","protected":false},"excerpt":{"rendered":"<p>Planinarski kri\u017eni put je pobo\u017enost za mlade i one koji se tako osje\u0107aju, ali su spremni prihvatiti neke uvjete koje ovaj projekt neminovno zahtijeva, te tako mo\u017eda i posti\u0107i ciljeve koje si<a class=\"moretag\" href=\"https:\/\/ekosspiritus.hr\/index.php\/planinarski-krizni-put\/\">Read More&#8230;<\/a><\/p>\n","protected":false},"author":1,"featured_media":363,"parent":0,"menu_order":2,"comment_status":"closed","ping_status":"closed","template":"","meta":{"footnotes":""},"class_list":["post-8","page","type-page","status-publish","has-post-thumbnail","hentry"],"_links":{"self":[{"href":"https:\/\/ekosspiritus.hr\/index.php\/wp-json\/wp\/v2\/pages\/8","targetHints":{"allow":["GET"]}}],"collection":[{"href":"https:\/\/ekosspiritus.hr\/index.php\/wp-json\/wp\/v2\/pages"}],"about":[{"href":"https:\/\/ekosspiritus.hr\/index.php\/wp-json\/wp\/v2\/types\/page"}],"author":[{"embeddable":true,"href":"https:\/\/ekosspiritus.hr\/index.php\/wp-json\/wp\/v2\/users\/1"}],"replies":[{"embeddable":true,"href":"https:\/\/ekosspiritus.hr\/index.php\/wp-json\/wp\/v2\/comments?post=8"}],"version-history":[{"count":2,"href":"https:\/\/ekosspiritus.hr\/index.php\/wp-json\/wp\/v2\/pages\/8\/revisions"}],"predecessor-version":[{"id":204,"href":"https:\/\/ekosspiritus.hr\/index.php\/wp-json\/wp\/v2\/pages\/8\/revisions\/204"}],"wp:featuredmedia":[{"embeddable":true,"href":"https:\/\/ekosspiritus.hr\/index.php\/wp-json\/wp\/v2\/media\/363"}],"wp:attachment":[{"href":"https:\/\/ekosspiritus.hr\/index.php\/wp-json\/wp\/v2\/media?parent=8"}],"curies":[{"name":"wp","href":"https:\/\/api.w.org\/{rel}","templated":true}]}}