{"id":81,"date":"2015-11-30T19:12:19","date_gmt":"2015-11-30T19:12:19","guid":{"rendered":"http:\/\/ekosspiritus.hr\/?page_id=81"},"modified":"2015-11-30T19:41:32","modified_gmt":"2015-11-30T19:41:32","slug":"nastanak","status":"publish","type":"page","link":"https:\/\/ekosspiritus.hr\/index.php\/hpd-sv-patrik\/nastanak\/","title":{"rendered":"Nastanak"},"content":{"rendered":"<p>Hrvatsko planinarsko dru\u0161tvo Sv. Patrika osnovano je 3. sije\u010dnja 2004. godine kada je odr\u017eana osniva\u010dka skup\u0161tina. Ve\u0107 sedamnaest dana kasnije postalo je punopravan \u010dlan Hrvatskog planinarskog saveza, sa svim pravima i obvezama koje to donosi, kao \u0161to je o\u010duvanje prirode, briga o sigurnosti u planini, organizacija izleta, promicanje planinarstva u Hrvatskoj i svijetu.<\/p>\n<p>Za grad Samobor ovo je \u010dak peto planinarsko dru\u0161tvo, pa se tra\u017ee\u0107i puteve djelovanja, odlu\u010dilo staviti naglasak na otvaranje planine djeci i mladima, da bi se tako razbile predrasude o \u201eplaninarima \u2013 umirovljenicima\u201c<\/p>\n<p>Prvi predsjednik dru\u0161tva bio je Vlado Kenda iz Podvrha od 2004. \u2013 2008. godine, kada je na to mjesto imenovana imenovana Martina Razum.<\/p>\n","protected":false},"excerpt":{"rendered":"<p>Hrvatsko planinarsko dru\u0161tvo Sv. Patrika osnovano je 3. sije\u010dnja 2004. godine kada je odr\u017eana osniva\u010dka skup\u0161tina. Ve\u0107 sedamnaest dana kasnije postalo je punopravan \u010dlan Hrvatskog planinarskog saveza, sa svim pravima i obvezama<a class=\"moretag\" href=\"https:\/\/ekosspiritus.hr\/index.php\/hpd-sv-patrik\/nastanak\/\">Read More&#8230;<\/a><\/p>\n","protected":false},"author":1,"featured_media":0,"parent":10,"menu_order":1,"comment_status":"closed","ping_status":"closed","template":"","meta":{"footnotes":""},"class_list":["post-81","page","type-page","status-publish","hentry"],"_links":{"self":[{"href":"https:\/\/ekosspiritus.hr\/index.php\/wp-json\/wp\/v2\/pages\/81","targetHints":{"allow":["GET"]}}],"collection":[{"href":"https:\/\/ekosspiritus.hr\/index.php\/wp-json\/wp\/v2\/pages"}],"about":[{"href":"https:\/\/ekosspiritus.hr\/index.php\/wp-json\/wp\/v2\/types\/page"}],"author":[{"embeddable":true,"href":"https:\/\/ekosspiritus.hr\/index.php\/wp-json\/wp\/v2\/users\/1"}],"replies":[{"embeddable":true,"href":"https:\/\/ekosspiritus.hr\/index.php\/wp-json\/wp\/v2\/comments?post=81"}],"version-history":[{"count":1,"href":"https:\/\/ekosspiritus.hr\/index.php\/wp-json\/wp\/v2\/pages\/81\/revisions"}],"predecessor-version":[{"id":82,"href":"https:\/\/ekosspiritus.hr\/index.php\/wp-json\/wp\/v2\/pages\/81\/revisions\/82"}],"up":[{"embeddable":true,"href":"https:\/\/ekosspiritus.hr\/index.php\/wp-json\/wp\/v2\/pages\/10"}],"wp:attachment":[{"href":"https:\/\/ekosspiritus.hr\/index.php\/wp-json\/wp\/v2\/media?parent=81"}],"curies":[{"name":"wp","href":"https:\/\/api.w.org\/{rel}","templated":true}]}}