{"id":90,"date":"2015-11-30T19:25:39","date_gmt":"2015-11-30T19:25:39","guid":{"rendered":"http:\/\/ekosspiritus.hr\/?page_id=90"},"modified":"2015-11-30T19:42:49","modified_gmt":"2015-11-30T19:42:49","slug":"uclanjenje","status":"publish","type":"page","link":"https:\/\/ekosspiritus.hr\/index.php\/hpd-sv-patrik\/uclanjenje\/","title":{"rendered":"U\u010dlanjenje"},"content":{"rendered":"<p>\u010clanom HPD-a Sv. Patrika postaje se na preporuku nekog od ve\u0107 postoje\u0107ih \u010dlanova ili molbom vodstvu dru\u0161tva. \u010clanstvo trenuta\u010dno broji stotinjak planinara plus djeca iz planinarskih \u0161kola.<\/p>\n<p>Svaki \u010dlan ima pravo aktivno i ravnopravno sudjelovati u radu dru\u0161tva te birati i biti biran u sva tijela dru\u0161tva, te predlagati sve \u0161to je za dobrobit i napredak dru\u0161tva. Tako\u0111er ima pravo na ostvarivanje povlastica namijenjenih svim \u010dlanovima planinarskih dru\u0161tava u sklopu Hrvatskog planinarskog saveza (popust na no\u0107enje u planinarskim domovima, ku\u0107ama i skloni\u0161tima, popust pri kupovini planinarske opreme u za to specijaliziranim trgovinama i sl.).<\/p>\n<p>Svaki \u010dlan du\u017ean je po\u0161tovati utvr\u0111en kodeks pona\u0161anja koji uklju\u010duje po\u0161tovanje razli\u010ditosti, pridr\u017eavanje normi planinarske etike te \u010duvanje ugleda HPD-a \u201cSv. Patrik\u201d, te provoditi odluke koje donese dru\u0161tvo.<\/p>\n","protected":false},"excerpt":{"rendered":"<p>\u010clanom HPD-a Sv. Patrika postaje se na preporuku nekog od ve\u0107 postoje\u0107ih \u010dlanova ili molbom vodstvu dru\u0161tva. \u010clanstvo trenuta\u010dno broji stotinjak planinara plus djeca iz planinarskih \u0161kola. Svaki \u010dlan ima pravo aktivno<a class=\"moretag\" href=\"https:\/\/ekosspiritus.hr\/index.php\/hpd-sv-patrik\/uclanjenje\/\">Read More&#8230;<\/a><\/p>\n","protected":false},"author":1,"featured_media":0,"parent":10,"menu_order":4,"comment_status":"closed","ping_status":"closed","template":"","meta":{"footnotes":""},"class_list":["post-90","page","type-page","status-publish","hentry"],"_links":{"self":[{"href":"https:\/\/ekosspiritus.hr\/index.php\/wp-json\/wp\/v2\/pages\/90","targetHints":{"allow":["GET"]}}],"collection":[{"href":"https:\/\/ekosspiritus.hr\/index.php\/wp-json\/wp\/v2\/pages"}],"about":[{"href":"https:\/\/ekosspiritus.hr\/index.php\/wp-json\/wp\/v2\/types\/page"}],"author":[{"embeddable":true,"href":"https:\/\/ekosspiritus.hr\/index.php\/wp-json\/wp\/v2\/users\/1"}],"replies":[{"embeddable":true,"href":"https:\/\/ekosspiritus.hr\/index.php\/wp-json\/wp\/v2\/comments?post=90"}],"version-history":[{"count":1,"href":"https:\/\/ekosspiritus.hr\/index.php\/wp-json\/wp\/v2\/pages\/90\/revisions"}],"predecessor-version":[{"id":91,"href":"https:\/\/ekosspiritus.hr\/index.php\/wp-json\/wp\/v2\/pages\/90\/revisions\/91"}],"up":[{"embeddable":true,"href":"https:\/\/ekosspiritus.hr\/index.php\/wp-json\/wp\/v2\/pages\/10"}],"wp:attachment":[{"href":"https:\/\/ekosspiritus.hr\/index.php\/wp-json\/wp\/v2\/media?parent=90"}],"curies":[{"name":"wp","href":"https:\/\/api.w.org\/{rel}","templated":true}]}}