{"id":92,"date":"2015-11-30T19:28:34","date_gmt":"2015-11-30T19:28:34","guid":{"rendered":"http:\/\/ekosspiritus.hr\/?page_id=92"},"modified":"2015-11-30T19:43:28","modified_gmt":"2015-11-30T19:43:28","slug":"lijepa-li-si","status":"publish","type":"page","link":"https:\/\/ekosspiritus.hr\/index.php\/hpd-sv-patrik\/lijepa-li-si\/","title":{"rendered":"Lijepa li si &#8230;"},"content":{"rendered":"<p>Projekt Lijepa li si&#8230; odvija se jednom (iznimno dvaput) godi\u0161nje na lokacijama diljem Hrvatske. Nastao je iz \u017eelje dugogodi\u0161njih sudionika planinarskih kri\u017enih puteva da svoja dru\u017eenja nastave i na neki drugi na\u010din, putuju\u0107i, upoznavaju\u0107i i Domovinu i jedni druge. Od samoga po\u010detka naglasak je na jednostavnosti organizacije i smje\u0161taja, sa \u017eeljom da se ipak vidi \u0161to vi\u0161e toga u kraju koji posje\u0107ujemo, te tako stvore preduvjeti za neke budu\u0107e privatne posjete.<\/p>\n<p>Prvi izlet ovoga projekta odr\u017ean je 2003. godine u gradu Vukovaru, kad je vlak na\u0161e udruge bio jedan od prvih koji je dobio dozvolu da u\u0111e direktno u grad koji se jo\u0161 itekako oporavljao od rata. Vukovaru smo se u me\u0111uvremenu vi\u0161e puta vra\u0107ali. Ostali izleti odr\u017eani su po sljede\u0107em redoslijedu: Istra (2004.), Bra\u010d (prolje\u0107e 2005.), Delnice (jesen 2005.), Cres, Lo\u0161inj, Susak (2006.), Pag (2007.), Mljet (2008.), Vis (2009.), \u0110akovo (2010.), Rab (prolje\u0107e 2011.), Vukovar i Ilok (jesen 2011.), Kor\u010dula (prolje\u0107e 2012.), Vukovar (jesen 2012.), Krk (2013.)<\/p>\n","protected":false},"excerpt":{"rendered":"<p>Projekt Lijepa li si&#8230; odvija se jednom (iznimno dvaput) godi\u0161nje na lokacijama diljem Hrvatske. Nastao je iz \u017eelje dugogodi\u0161njih sudionika planinarskih kri\u017enih puteva da svoja dru\u017eenja nastave i na neki drugi na\u010din,<a class=\"moretag\" href=\"https:\/\/ekosspiritus.hr\/index.php\/hpd-sv-patrik\/lijepa-li-si\/\">Read More&#8230;<\/a><\/p>\n","protected":false},"author":1,"featured_media":0,"parent":10,"menu_order":5,"comment_status":"closed","ping_status":"closed","template":"","meta":{"footnotes":""},"class_list":["post-92","page","type-page","status-publish","hentry"],"_links":{"self":[{"href":"https:\/\/ekosspiritus.hr\/index.php\/wp-json\/wp\/v2\/pages\/92","targetHints":{"allow":["GET"]}}],"collection":[{"href":"https:\/\/ekosspiritus.hr\/index.php\/wp-json\/wp\/v2\/pages"}],"about":[{"href":"https:\/\/ekosspiritus.hr\/index.php\/wp-json\/wp\/v2\/types\/page"}],"author":[{"embeddable":true,"href":"https:\/\/ekosspiritus.hr\/index.php\/wp-json\/wp\/v2\/users\/1"}],"replies":[{"embeddable":true,"href":"https:\/\/ekosspiritus.hr\/index.php\/wp-json\/wp\/v2\/comments?post=92"}],"version-history":[{"count":1,"href":"https:\/\/ekosspiritus.hr\/index.php\/wp-json\/wp\/v2\/pages\/92\/revisions"}],"predecessor-version":[{"id":93,"href":"https:\/\/ekosspiritus.hr\/index.php\/wp-json\/wp\/v2\/pages\/92\/revisions\/93"}],"up":[{"embeddable":true,"href":"https:\/\/ekosspiritus.hr\/index.php\/wp-json\/wp\/v2\/pages\/10"}],"wp:attachment":[{"href":"https:\/\/ekosspiritus.hr\/index.php\/wp-json\/wp\/v2\/media?parent=92"}],"curies":[{"name":"wp","href":"https:\/\/api.w.org\/{rel}","templated":true}]}}