{"id":95,"date":"2015-11-30T19:45:18","date_gmt":"2015-11-30T19:45:18","guid":{"rendered":"http:\/\/ekosspiritus.hr\/?page_id=95"},"modified":"2015-11-30T19:45:52","modified_gmt":"2015-11-30T19:45:52","slug":"ciljevi","status":"publish","type":"page","link":"https:\/\/ekosspiritus.hr\/index.php\/hpd-sv-patrik\/lijepa-li-si\/ciljevi\/","title":{"rendered":"Ciljevi"},"content":{"rendered":"<p>Projekt Lijepa li si&#8230; je nastao pod jednostavnim geslom \u201eupoznajmo da bismo voljeli\u201c i \u017eeljom da se u vlastitoj zemlji osje\u0107amo kao gosti, a ne kao turisti. Izbjegavaju\u0107i &#8216;\u0161picu&#8217; sezone i gu\u017eve, prolje\u0107e i jesen koristimo da upoznamo kulturu, obi\u010daje, povijest i \u0161to je najva\u017enije \u2013 ljude i zajednice nekoga kraja. Upravo ti susreti s doma\u0107inima koji nas, kao dio zajedni\u010dke zajednice Crkve, redovito rado prihvate, \u010dine posebnu vrijednost ovoga projekta.<\/p>\n<p>Sudionici su naj\u010de\u0161\u0107e iz skupine studenata i radni\u010dke mlade\u017ei, a sve \u010de\u0161\u0107e dolaze i mlade obitelji \u017eeljne sadr\u017eaja ovakve vrste.<\/p>\n","protected":false},"excerpt":{"rendered":"<p>Projekt Lijepa li si&#8230; je nastao pod jednostavnim geslom \u201eupoznajmo da bismo voljeli\u201c i \u017eeljom da se u vlastitoj zemlji osje\u0107amo kao gosti, a ne kao turisti. Izbjegavaju\u0107i &#8216;\u0161picu&#8217; sezone i gu\u017eve,<a class=\"moretag\" href=\"https:\/\/ekosspiritus.hr\/index.php\/hpd-sv-patrik\/lijepa-li-si\/ciljevi\/\">Read More&#8230;<\/a><\/p>\n","protected":false},"author":1,"featured_media":0,"parent":92,"menu_order":0,"comment_status":"closed","ping_status":"closed","template":"","meta":{"footnotes":""},"class_list":["post-95","page","type-page","status-publish","hentry"],"_links":{"self":[{"href":"https:\/\/ekosspiritus.hr\/index.php\/wp-json\/wp\/v2\/pages\/95","targetHints":{"allow":["GET"]}}],"collection":[{"href":"https:\/\/ekosspiritus.hr\/index.php\/wp-json\/wp\/v2\/pages"}],"about":[{"href":"https:\/\/ekosspiritus.hr\/index.php\/wp-json\/wp\/v2\/types\/page"}],"author":[{"embeddable":true,"href":"https:\/\/ekosspiritus.hr\/index.php\/wp-json\/wp\/v2\/users\/1"}],"replies":[{"embeddable":true,"href":"https:\/\/ekosspiritus.hr\/index.php\/wp-json\/wp\/v2\/comments?post=95"}],"version-history":[{"count":1,"href":"https:\/\/ekosspiritus.hr\/index.php\/wp-json\/wp\/v2\/pages\/95\/revisions"}],"predecessor-version":[{"id":96,"href":"https:\/\/ekosspiritus.hr\/index.php\/wp-json\/wp\/v2\/pages\/95\/revisions\/96"}],"up":[{"embeddable":true,"href":"https:\/\/ekosspiritus.hr\/index.php\/wp-json\/wp\/v2\/pages\/92"}],"wp:attachment":[{"href":"https:\/\/ekosspiritus.hr\/index.php\/wp-json\/wp\/v2\/media?parent=95"}],"curies":[{"name":"wp","href":"https:\/\/api.w.org\/{rel}","templated":true}]}}