{"id":97,"date":"2015-11-30T19:48:21","date_gmt":"2015-11-30T19:48:21","guid":{"rendered":"http:\/\/ekosspiritus.hr\/?page_id=97"},"modified":"2015-11-30T19:49:17","modified_gmt":"2015-11-30T19:49:17","slug":"nacionalnim-parkovima","status":"publish","type":"page","link":"https:\/\/ekosspiritus.hr\/index.php\/hpd-sv-patrik\/nacionalnim-parkovima\/","title":{"rendered":"Nacionalnim parkovima"},"content":{"rendered":"<p>Nacionalni park je za\u0161ti\u0107eni prostor posebne ljepote i dobre prirodne o\u010duvanosti u kojima obitavaju biljke i \u017eivotinje, a ljudski su utjecaji ograni\u010deni. Obi\u010dno se isti\u010de svojim jedinstvenim biljnim i \u017eivotinjskim svijetom i prirodnim rijetkostima. U Hrvatskoj postoji 8 nacionalnih parkova. Znate li ih nabrojati? Od toga pitanja i previ\u0161e \u010desto negativnog odgovora je nastao ovaj projekt koji uklju\u010duje posje\u0107ivanje svih hrvatskih nacionalnih parkova.<\/p>\n<p>U ovom trenutku ciklus od posjeta osam parkova je zaklju\u010den, i to sljede\u0107im redoslijedom: Sjeverni Velebit (2005.), Krka (2006.), Paklenica (2007.), Mljet (2008.), Plitvi\u010dka jezera (2009.), Kornati (2010.), Brijuni (2011.), Risnjak (2012.).<\/p>\n","protected":false},"excerpt":{"rendered":"<p>Nacionalni park je za\u0161ti\u0107eni prostor posebne ljepote i dobre prirodne o\u010duvanosti u kojima obitavaju biljke i \u017eivotinje, a ljudski su utjecaji ograni\u010deni. Obi\u010dno se isti\u010de svojim jedinstvenim biljnim i \u017eivotinjskim svijetom i<a class=\"moretag\" href=\"https:\/\/ekosspiritus.hr\/index.php\/hpd-sv-patrik\/nacionalnim-parkovima\/\">Read More&#8230;<\/a><\/p>\n","protected":false},"author":1,"featured_media":0,"parent":10,"menu_order":7,"comment_status":"closed","ping_status":"closed","template":"","meta":{"footnotes":""},"class_list":["post-97","page","type-page","status-publish","hentry"],"_links":{"self":[{"href":"https:\/\/ekosspiritus.hr\/index.php\/wp-json\/wp\/v2\/pages\/97","targetHints":{"allow":["GET"]}}],"collection":[{"href":"https:\/\/ekosspiritus.hr\/index.php\/wp-json\/wp\/v2\/pages"}],"about":[{"href":"https:\/\/ekosspiritus.hr\/index.php\/wp-json\/wp\/v2\/types\/page"}],"author":[{"embeddable":true,"href":"https:\/\/ekosspiritus.hr\/index.php\/wp-json\/wp\/v2\/users\/1"}],"replies":[{"embeddable":true,"href":"https:\/\/ekosspiritus.hr\/index.php\/wp-json\/wp\/v2\/comments?post=97"}],"version-history":[{"count":1,"href":"https:\/\/ekosspiritus.hr\/index.php\/wp-json\/wp\/v2\/pages\/97\/revisions"}],"predecessor-version":[{"id":98,"href":"https:\/\/ekosspiritus.hr\/index.php\/wp-json\/wp\/v2\/pages\/97\/revisions\/98"}],"up":[{"embeddable":true,"href":"https:\/\/ekosspiritus.hr\/index.php\/wp-json\/wp\/v2\/pages\/10"}],"wp:attachment":[{"href":"https:\/\/ekosspiritus.hr\/index.php\/wp-json\/wp\/v2\/media?parent=97"}],"curies":[{"name":"wp","href":"https:\/\/api.w.org\/{rel}","templated":true}]}}