{"id":99,"date":"2015-11-30T19:49:06","date_gmt":"2015-11-30T19:49:06","guid":{"rendered":"http:\/\/ekosspiritus.hr\/?page_id=99"},"modified":"2015-11-30T19:49:06","modified_gmt":"2015-11-30T19:49:06","slug":"ciljevi","status":"publish","type":"page","link":"https:\/\/ekosspiritus.hr\/index.php\/hpd-sv-patrik\/nacionalnim-parkovima\/ciljevi\/","title":{"rendered":"Ciljevi"},"content":{"rendered":"<p>Projektom Nacionalnim parkovima&#8230; ne samo da ih \u017eelimo nau\u010diti nabrojati sve hrvatske nacionalne parkove, nego ih i posjetiti, upoznati, uklju\u010diti u svoje \u017eivotno iskustvo. \u010cesto smo \u010duli da su sudionici posljednji put bili u nekom na\u0161em nacionalnom parku jo\u0161 u \u0161kolskim danima, pa smo ovim projektom \u017eeljeli svima pru\u017eiti mogu\u0107nost da ih do\u017eive i kao odrasli ljudi.<\/p>\n<p>S obzirom da je svih osam parkova obi\u0111eno, u budu\u0107nosti \u0107e projekt biti ponovljen za one koji se nisu mogli uklju\u010diti prvi put, te \u0107e ponovno biti ponu\u0111ena nagrada: tko u organizaciji udruge Ekosspiritus obi\u0111e sedam parkova, osmo putovanje dobiva besplatno!<br \/>\nProjekt \u0107e se pro\u0161iriti i s posjetima hrvatskim parkovima prirode \u2013 imamo ih 11. Znate li ih nabrojiti?<\/p>\n","protected":false},"excerpt":{"rendered":"<p>Projektom Nacionalnim parkovima&#8230; ne samo da ih \u017eelimo nau\u010diti nabrojati sve hrvatske nacionalne parkove, nego ih i posjetiti, upoznati, uklju\u010diti u svoje \u017eivotno iskustvo. \u010cesto smo \u010duli da su sudionici posljednji put<a class=\"moretag\" href=\"https:\/\/ekosspiritus.hr\/index.php\/hpd-sv-patrik\/nacionalnim-parkovima\/ciljevi\/\">Read More&#8230;<\/a><\/p>\n","protected":false},"author":1,"featured_media":0,"parent":97,"menu_order":0,"comment_status":"closed","ping_status":"closed","template":"","meta":{"footnotes":""},"class_list":["post-99","page","type-page","status-publish","hentry"],"_links":{"self":[{"href":"https:\/\/ekosspiritus.hr\/index.php\/wp-json\/wp\/v2\/pages\/99","targetHints":{"allow":["GET"]}}],"collection":[{"href":"https:\/\/ekosspiritus.hr\/index.php\/wp-json\/wp\/v2\/pages"}],"about":[{"href":"https:\/\/ekosspiritus.hr\/index.php\/wp-json\/wp\/v2\/types\/page"}],"author":[{"embeddable":true,"href":"https:\/\/ekosspiritus.hr\/index.php\/wp-json\/wp\/v2\/users\/1"}],"replies":[{"embeddable":true,"href":"https:\/\/ekosspiritus.hr\/index.php\/wp-json\/wp\/v2\/comments?post=99"}],"version-history":[{"count":1,"href":"https:\/\/ekosspiritus.hr\/index.php\/wp-json\/wp\/v2\/pages\/99\/revisions"}],"predecessor-version":[{"id":100,"href":"https:\/\/ekosspiritus.hr\/index.php\/wp-json\/wp\/v2\/pages\/99\/revisions\/100"}],"up":[{"embeddable":true,"href":"https:\/\/ekosspiritus.hr\/index.php\/wp-json\/wp\/v2\/pages\/97"}],"wp:attachment":[{"href":"https:\/\/ekosspiritus.hr\/index.php\/wp-json\/wp\/v2\/media?parent=99"}],"curies":[{"name":"wp","href":"https:\/\/api.w.org\/{rel}","templated":true}]}}